{"id":792,"date":"2018-05-28T14:25:39","date_gmt":"2018-05-28T12:25:39","guid":{"rendered":"https:\/\/www.minddiving.academy\/?page_id=792"},"modified":"2019-07-11T21:05:07","modified_gmt":"2019-07-11T19:05:07","slug":"aib","status":"publish","type":"page","link":"https:\/\/www.minddiving.academy\/en\/aib\/","title":{"rendered":"General information Terms and conditions"},"content":{"rendered":"<h2>General information Terms and conditions<\/h2>\n<p>zwischenIhnen(nachfolgend \u201eInformationsbesteller\u201c genannt)und\u200bMasterplan Value Partner LLP\u200bSuite 1103 &#8211; 11871 Horseshoe WayRichmond, British Columbia V7A 5H5CanadaBetreiber der Online-Akademie mindDIVING (nachfolgend \u201emindDIVING \u201c genannt)<\/p>\n<h4>preamble<\/h4>\n<p>Die Mission von mindDIVING ist es, Die Mission von mindDIVING ist es, Menschen mit relevanten Informationen zu versorgen, um ein besseres Verst\u00e4ndnis f\u00fcr das eigene Empfinden von Gl\u00fcck und Wohlbefinden zu entwickeln um so gezielt Handlungen auszuf\u00fchren, die zu Gl\u00fcck, Wohlbefinden und Gesundheit f\u00fchren. Daher bietet MindDIVING verschiedenen Stellen an, einen sog. Informationsvertrag zu schlie\u00dfen. Dabei verpflichtet sich MindDIVING gegen\u00fcber den Informationsbestellern, sie regelm\u00e4\u00dfig mit Weiterbildungs- und Schulungsmaterial, aber auch mit allgemeinen Informationen zu versorgen. Hierbei sind drei wesentliche Vertragsbestandteilebesonders wichtig: Erstens wird der Gegenstand des jeweiligen Informationsvertrages einerseits bei der konkreten Bestellung und erg\u00e4nzend durch diese Allgemeinen Informationsbedingungen (AIB) bestimmt. Zweitens kann der Informationsbesteller den Vertrag jederzeit, ohne Angabe von Gr\u00fcnden und formlos beenden. Drittens ist dieser Informationsservice unentgeltlich.<\/p>\n<h6>\u00a7 1 Subject matter of the contract, obligations of MindDIVING&nbsp;<\/h6>\n<p>(1) Gegenstand des Vertrages ist es, dass MindDIVING den Informationsbesteller mit Informationen \u00fcber alle denkbaren Kontaktkan\u00e4le (Briefpost, SMS, E-Mail, soziale Netzwerke und vergleichbare Kontaktkan\u00e4le) versorgt. Grunds\u00e4tzlich sind die Themen dieser Informationen durch den konkreten Informationsvertrag (Produkt- und\/oder Leistungsbeschreibung) festgelegt. In jedem Fall k\u00f6nnendies aber Informationen aus den folgenden Themenbereichen sein: neue mindDIVING Produktupdates, Anwendung von mindDIVING und verwandten Produkten Dritter, Methoden und Wissen \u00fcber Geistesschulung wie Meditation, Neurowissenschaften und vergleichbare Themen, Seminare und Webinare von mindDIVING, Seminare und Webinare Dritter, Empfehlungen geeigneter Produkte Dritter.<\/p>\n<p>(2) With regard to paragraph 1, MindDIVING is also obligated, among other things, to deliver the information covered by this agreement via social networks and similar communication channels. To this end, MindDIVING is obligated, to the extent technically possible, to upload the email address to a Custom Audience on Facebook or to a \"similar audience\" on Google and, if possible, to deliver information there as well. This is subject to the provision in paragraph 3.<\/p>\n<p>(3) MindDIVING is furthermore obligated, within the scope of its technical capabilities, to exclude information subscribers who are already registered for a webinar from advertisements for potential new webinar or training participants on Facebook or Google. To this end, MindDIVING must upload the email address to a Custom Audience on Facebook or a \"similar audience\" on Google. Information subscribers will then be excluded from advertisements for potential new training participants.<\/p>\n<p>(4) There is no entitlement to the coverage of all these topics.<\/p>\n<p>(5) Ferner schuldet MindDIVING auch keine Beratung und auch nicht die Pr\u00fcfung dieser Informationen aufinhaltliche Richtigkeit, sondern nur die Verschaffung der Informationen.<\/p>\n<h6>\u00a7 2 Conclusion of Contract<\/h6>\n<p>(1) The information contract is concluded when the information requester requests a service from Digistore24 GmbH and\/or MindDIVING, either digitally, in writing or in another unambiguous form (including implied), in whose product or service description references the conclusion of an information contract.<\/p>\n<p>(2) These AIBs shall also become part of the contract.<\/p>\n<h6>\u00a7 4 Free of charge<\/h6>\n<p>The person requesting the information does not have to pay any money for obtaining the information.<\/p>\n<h6>\u00a7 5 Termination of the Information Agreement<\/h6>\n<p>(1) Both parties may terminate the contract at any time without giving reasons and without observing any notice period.<\/p>\n<p>(2) If the customer is also a customer of Digistore24 GmbH and receives access to MindDIVING through this contractual relationship, the existence of this information agreement is not dependent on the existence of the agreement with Digistore24 GmbH.<\/p>\n<h6>\u00a7 6 Liability<\/h6>\n<p>(1) MindDIVING shall only be liable without limitation for intent and gross negligence.<\/p>\n<p>(2) MindDIVING shall only be liable for simple negligence \u2013 except in the case of injury to life, body or health \u2013 if essential contractual obligations (cardinal obligations) are breached.<\/p>\n<p>(3) Liability for indirect and unforeseeable damages, loss of production and use, lost profits, lost savings and pecuniary losses due to claims by third parties is excluded in the case of simple negligence \u2013 except in the case of injury to life, body or health.<\/p>\n<p>(4) Eine weitergehende Haftung als in diesem Vertrag ist \u2013 ohne R\u00fccksicht auf die Rechtsnatur des geltend gemachten Anspruchs \u2013 ausgeschlossen. Vorstehende Haftungsbeschr\u00e4nkungen bzw. &#8211; ausschl\u00fcsse gelten jedoch nicht f\u00fcr eine gesetzlich zwingend vorgeschriebene verschuldensunabh\u00e4ngige Haftung (z. B. gem\u00e4\u00df Produkthaftungsgesetz) oder die Haftung aus einer verschuldensunabh\u00e4ngigen Garantie.<\/p>\n<p>(5) To the extent that liability is excluded or limited under paragraphs 2 and 3, this also applies to the personal liability of MindDIVING's employees, workers, representatives, officers and agents.<\/p>\n<h6>\u00a7 7 Right to Amend<\/h6>\n<p>MindDIVING ist berechtigt, diese AIB einseitig zu \u00e4ndern, soweit dies zur Beseitigung nachtr\u00e4glich entstehender \u00c4quivalenzst\u00f6rungen oder zur Anpassung an ver\u00e4nderte gesetzliche oder technische Rahmenbedingungen oder zur Erweiterung des Informationsangebots oder der Informationskan\u00e4le notwendig ist. \u00dcber eine \u00c4nderung wird der Informationsbesteller unter Mitteilung des Inhalts derge\u00e4nderten Regelungen an die zuletzt bekannte E-Mail-Adresse informiert. Die \u00c4nderung wird Vertragsbestandteil, wenn der Informationsbesteller nicht binnen sechs Wochen nach Zugang der \u00c4nderungsmitteilung der Einbeziehung in das Vertragsverh\u00e4ltnis MindDIVING gegen\u00fcber in Schrif toder Textform widerspricht.<\/p>","protected":false},"excerpt":{"rendered":"<p>Allgemeine Informationsvertragsbedingungen zwischenIhnen(nachfolgend \u201eInformationsbesteller\u201c genannt)und\u200bMasterplan Value Partner LLP\u200bSuite 1103 &#8211; 11871 Horseshoe WayRichmond, British Columbia V7A 5H5CanadaBetreiber der Online-Akademie mindDIVING (nachfolgend \u201emindDIVING \u201c genannt) Pr\u00e4ambel Die Mission von mindDIVING ist es, Die Mission von mindDIVING ist es, Menschen mit relevanten Informationen zu versorgen, um ein besseres Verst\u00e4ndnis f\u00fcr das eigene Empfinden von Gl\u00fcck und Wohlbefinden [&hellip;]<\/p>\n","protected":false},"author":4,"featured_media":0,"parent":0,"menu_order":22,"comment_status":"closed","ping_status":"open","template":"","meta":{"_exactmetrics_skip_tracking":false,"_exactmetrics_sitenote_active":false,"_exactmetrics_sitenote_note":"","_exactmetrics_sitenote_category":0,"footnotes":""},"class_list":["post-792","page","type-page","status-publish","hentry"],"yoast_head":"<!-- This site is optimized with the Yoast SEO plugin v27.0 - https:\/\/yoast.com\/product\/yoast-seo-wordpress\/ -->\n<title>Allgemeine Informationsvertragsbedingungen - mindDIVING - Akademie f\u00fcr Gl\u00fcckserfahrung durch Geistesschulung<\/title>\n<meta name=\"robots\" content=\"index, follow, max-snippet:-1, max-image-preview:large, max-video-preview:-1\" \/>\n<link rel=\"canonical\" href=\"https:\/\/www.minddiving.academy\/en\/aib\/\" \/>\n<meta property=\"og:locale\" content=\"en_US\" \/>\n<meta property=\"og:type\" content=\"article\" \/>\n<meta property=\"og:title\" content=\"Allgemeine Informationsvertragsbedingungen - mindDIVING - Akademie f\u00fcr Gl\u00fcckserfahrung durch Geistesschulung\" \/>\n<meta property=\"og:description\" content=\"Allgemeine Informationsvertragsbedingungen zwischenIhnen(nachfolgend \u201eInformationsbesteller\u201c genannt)und\u200bMasterplan Value Partner LLP\u200bSuite 1103 &#8211; 11871 Horseshoe WayRichmond, British Columbia V7A 5H5CanadaBetreiber der Online-Akademie mindDIVING (nachfolgend \u201emindDIVING \u201c genannt) Pr\u00e4ambel Die Mission von mindDIVING ist es, Die Mission von mindDIVING ist es, Menschen mit relevanten Informationen zu versorgen, um ein besseres Verst\u00e4ndnis f\u00fcr das eigene Empfinden von Gl\u00fcck und Wohlbefinden [&hellip;]\" \/>\n<meta property=\"og:url\" content=\"https:\/\/www.minddiving.academy\/en\/aib\/\" \/>\n<meta property=\"og:site_name\" content=\"mindDIVING - Akademie f\u00fcr Gl\u00fcckserfahrung durch Geistesschulung\" \/>\n<meta property=\"article:modified_time\" content=\"2019-07-11T19:05:07+00:00\" \/>\n<meta name=\"twitter:card\" content=\"summary_large_image\" \/>\n<meta name=\"twitter:label1\" content=\"Est. reading time\" \/>\n\t<meta name=\"twitter:data1\" content=\"4 minutes\" \/>\n<script type=\"application\/ld+json\" class=\"yoast-schema-graph\">{\"@context\":\"https:\/\/schema.org\",\"@graph\":[{\"@type\":\"WebPage\",\"@id\":\"https:\/\/www.minddiving.academy\/aib\/\",\"url\":\"https:\/\/www.minddiving.academy\/aib\/\",\"name\":\"Allgemeine Informationsvertragsbedingungen - mindDIVING - Akademie f\u00fcr Gl\u00fcckserfahrung durch Geistesschulung\",\"isPartOf\":{\"@id\":\"https:\/\/www.minddiving.academy\/#website\"},\"datePublished\":\"2018-05-28T12:25:39+00:00\",\"dateModified\":\"2019-07-11T19:05:07+00:00\",\"breadcrumb\":{\"@id\":\"https:\/\/www.minddiving.academy\/aib\/#breadcrumb\"},\"inLanguage\":\"en-US\",\"potentialAction\":[{\"@type\":\"ReadAction\",\"target\":[\"https:\/\/www.minddiving.academy\/aib\/\"]}]},{\"@type\":\"BreadcrumbList\",\"@id\":\"https:\/\/www.minddiving.academy\/aib\/#breadcrumb\",\"itemListElement\":[{\"@type\":\"ListItem\",\"position\":1,\"name\":\"Startseite\",\"item\":\"https:\/\/www.minddiving.academy\/\"},{\"@type\":\"ListItem\",\"position\":2,\"name\":\"Allgemeine Informationsvertragsbedingungen\"}]},{\"@type\":\"WebSite\",\"@id\":\"https:\/\/www.minddiving.academy\/#website\",\"url\":\"https:\/\/www.minddiving.academy\/\",\"name\":\"mindDIVING - Akademie f\u00fcr Gl\u00fcckserfahrung durch Geistesschulung\",\"description\":\"&quot;explore your mind and live happy!&quot;\",\"potentialAction\":[{\"@type\":\"SearchAction\",\"target\":{\"@type\":\"EntryPoint\",\"urlTemplate\":\"https:\/\/www.minddiving.academy\/?s={search_term_string}\"},\"query-input\":{\"@type\":\"PropertyValueSpecification\",\"valueRequired\":true,\"valueName\":\"search_term_string\"}}],\"inLanguage\":\"en-US\"}]}<\/script>\n<!-- \/ Yoast SEO plugin. -->","yoast_head_json":{"title":"Allgemeine Informationsvertragsbedingungen - mindDIVING - Akademie f\u00fcr Gl\u00fcckserfahrung durch Geistesschulung","robots":{"index":"index","follow":"follow","max-snippet":"max-snippet:-1","max-image-preview":"max-image-preview:large","max-video-preview":"max-video-preview:-1"},"canonical":"https:\/\/www.minddiving.academy\/en\/aib\/","og_locale":"en_US","og_type":"article","og_title":"Allgemeine Informationsvertragsbedingungen - mindDIVING - Akademie f\u00fcr Gl\u00fcckserfahrung durch Geistesschulung","og_description":"Allgemeine Informationsvertragsbedingungen zwischenIhnen(nachfolgend \u201eInformationsbesteller\u201c genannt)und\u200bMasterplan Value Partner LLP\u200bSuite 1103 &#8211; 11871 Horseshoe WayRichmond, British Columbia V7A 5H5CanadaBetreiber der Online-Akademie mindDIVING (nachfolgend \u201emindDIVING \u201c genannt) Pr\u00e4ambel Die Mission von mindDIVING ist es, Die Mission von mindDIVING ist es, Menschen mit relevanten Informationen zu versorgen, um ein besseres Verst\u00e4ndnis f\u00fcr das eigene Empfinden von Gl\u00fcck und Wohlbefinden [&hellip;]","og_url":"https:\/\/www.minddiving.academy\/en\/aib\/","og_site_name":"mindDIVING - Akademie f\u00fcr Gl\u00fcckserfahrung durch Geistesschulung","article_modified_time":"2019-07-11T19:05:07+00:00","twitter_card":"summary_large_image","twitter_misc":{"Est. reading time":"4 minutes"},"schema":{"@context":"https:\/\/schema.org","@graph":[{"@type":"WebPage","@id":"https:\/\/www.minddiving.academy\/aib\/","url":"https:\/\/www.minddiving.academy\/aib\/","name":"Allgemeine Informationsvertragsbedingungen - mindDIVING - Akademie f\u00fcr Gl\u00fcckserfahrung durch Geistesschulung","isPartOf":{"@id":"https:\/\/www.minddiving.academy\/#website"},"datePublished":"2018-05-28T12:25:39+00:00","dateModified":"2019-07-11T19:05:07+00:00","breadcrumb":{"@id":"https:\/\/www.minddiving.academy\/aib\/#breadcrumb"},"inLanguage":"en-US","potentialAction":[{"@type":"ReadAction","target":["https:\/\/www.minddiving.academy\/aib\/"]}]},{"@type":"BreadcrumbList","@id":"https:\/\/www.minddiving.academy\/aib\/#breadcrumb","itemListElement":[{"@type":"ListItem","position":1,"name":"Startseite","item":"https:\/\/www.minddiving.academy\/"},{"@type":"ListItem","position":2,"name":"Allgemeine Informationsvertragsbedingungen"}]},{"@type":"WebSite","@id":"https:\/\/www.minddiving.academy\/#website","url":"https:\/\/www.minddiving.academy\/","name":"mindDIVING - Akademie f\u00fcr Gl\u00fcckserfahrung durch Geistesschulung","description":"&quot;explore your mind and live happy!&quot;","potentialAction":[{"@type":"SearchAction","target":{"@type":"EntryPoint","urlTemplate":"https:\/\/www.minddiving.academy\/?s={search_term_string}"},"query-input":{"@type":"PropertyValueSpecification","valueRequired":true,"valueName":"search_term_string"}}],"inLanguage":"en-US"}]}},"_links":{"self":[{"href":"https:\/\/www.minddiving.academy\/en\/wp-json\/wp\/v2\/pages\/792","targetHints":{"allow":["GET"]}}],"collection":[{"href":"https:\/\/www.minddiving.academy\/en\/wp-json\/wp\/v2\/pages"}],"about":[{"href":"https:\/\/www.minddiving.academy\/en\/wp-json\/wp\/v2\/types\/page"}],"author":[{"embeddable":true,"href":"https:\/\/www.minddiving.academy\/en\/wp-json\/wp\/v2\/users\/4"}],"replies":[{"embeddable":true,"href":"https:\/\/www.minddiving.academy\/en\/wp-json\/wp\/v2\/comments?post=792"}],"version-history":[{"count":14,"href":"https:\/\/www.minddiving.academy\/en\/wp-json\/wp\/v2\/pages\/792\/revisions"}],"predecessor-version":[{"id":1030,"href":"https:\/\/www.minddiving.academy\/en\/wp-json\/wp\/v2\/pages\/792\/revisions\/1030"}],"wp:attachment":[{"href":"https:\/\/www.minddiving.academy\/en\/wp-json\/wp\/v2\/media?parent=792"}],"curies":[{"name":"wp","href":"https:\/\/api.w.org\/{rel}","templated":true}]}}