{"id":78,"date":"2017-10-03T14:31:55","date_gmt":"2017-10-03T12:31:55","guid":{"rendered":"https:\/\/www.minddiving.academy\/?page_id=78"},"modified":"2026-03-04T23:31:18","modified_gmt":"2026-03-04T22:31:18","slug":"nalanda","status":"publish","type":"page","link":"https:\/\/www.minddiving.academy\/en\/nalanda\/","title":{"rendered":"Nalanda\""},"content":{"rendered":"<h1>Entwickel mit uns &#8222;Nalanda&#8220;, das Computer Game f\u00fcr Achtsamkeit und Ethik!<\/h1>\n<p><span><img decoding=\"async\" alt=\"\" title=\"Nalanda_logo\" data-id=\"283\" src=\"\/\/www.minddiving.academy\/wp-content\/uploads\/2017\/12\/Nalanda_logo-300x169.png\" width=\"300\" height=\"169\" loading=\"lazy\"><\/span> <\/p>\n<p style=\"\"><a href=\"https:\/\/www.minddiving.academy\/en\/spenden\/\" style=\"outline: none;\" target=\"_blank\">Donate now!<\/a><\/p>\n<p>Auf neue, innovative Art Empathie, Achtsamkeit und Ethisches Handeln lernen! Unser Computer Game &#8222;Nalanda&#8220; bringt Gl\u00fcck im Quadrat f\u00fcr alle Altersgruppen UND die Gesellschaft: Beim Spielen selbst und beim Anwenden des Erlernten im Alltag!<\/p>\n<p>Kennst Du das Gl\u00fcck, das aus dem Mitgef\u00fchl und der F\u00fcrsorge f\u00fcr andere entspringt?Erinnerst Du Dich an Deine Erleichterung, als Dein Bruder Dir den zerschossenen Fu\u00dfball verziehen hatte? An den Spa\u00df, den Du \u2013 trotz aller Plackerei \u2013 mit Deinen Kumpels bei deren Umzug hattest? An die Freude Deiner Kollegin f\u00fcr Deinen entscheidenden Tipp, um den Vertragsentwurf wasserdicht zu machen, auch wenn Du pl\u00f6tzlich nicht mehr Nr. 1 im B\u00fcro warst?<em>&#8222;Ich sehe immer deutlicher, dass unser spirituelles Wohl nicht von der Religion abh\u00e4ngig ist, sondern der uns angeborenen menschlichen Natur, unserer nat\u00fcrlichen Veranlagung zu G\u00fcte, Mitgef\u00fchl und F\u00fcrsorge f\u00fcr andere entspringt. Unabh\u00e4ngig davon, ob wir einer Religion angeh\u00f6ren oder nicht, haben wir alle eine elementare und menschliche ethische Urquelle in uns. Dieses gemeinsame ethische Fundament m\u00fcssen wir hegen und pflegen.&#8220;<\/em>&#8211; Der Appell des Dalai Lama f\u00fcr eine s\u00e4kulare Ethik und Frieden, 01.07.2015 -Oft wird dieses ethische Fundament in unserer westlichen Gesellschaft jedoch \u00fcberdeckt von dem Wunsch nach pers\u00f6nlichen Vorteilen, materiellen G\u00fctern oder kurzfristigen Sinnesfreuden.Aber gelegentlich, nach einem sonnigen Tag am Strand oder einem vertrauensvollen Gespr\u00e4ch mit einem guten Freund, kommen wir wieder in Ber\u00fchrung mit unseren wahren Bed\u00fcrfnissen. Dann sind wir auch in der Lage das Gl\u00fcck zu erfahren, das aus dem Mitgef\u00fchl und der F\u00fcrsorge f\u00fcr andere entspringt.Pl\u00f6tzlich erkennen wir, wie wir in bestimmten Situationen besser h\u00e4tte handeln sollen, um andere und uns gl\u00fccklicher zu machen.Doch wie kann dies h\u00e4ufiger gelingen? Wie schaffen wir es, diesen &#8222;Durchblick&#8220; im hektischen Alltag zu bekommen, um unser Handeln mehr nach ethischen, uns alle gl\u00fccklicher machenden Maximen auszurichten?<strong>Ganz einfach &#8211; durch lernen und \u00fcben!<\/strong>Dank der neurowissenschaftlichen Forschungen der letzten Jahre ist heute bekannt, dass das Gehirn \u00fcber eine au\u00dferordentliche F\u00e4higkeit verf\u00fcgt: Die Neuroplastizit\u00e4t.Dies bedeutet, dass durch regelm\u00e4\u00dfiges Training neue neuronale Verkn\u00fcpfungen gebildet werden k\u00f6nnen und so althergebrachte Denkmuster und Auffassungen zu Gunsten neuer F\u00e4higkeiten aufgegeben werden k\u00f6nnen.Klingt ziemlich z\u00e4h und m\u00fchselig, oder?Wahrscheinlich. In jedem Fall aber wenn man auf einer harten Schulbank lernen mu\u00df.Aber erinnern Sie sich, wie leicht es ihnen gefallen ist &#8222;Super Mario Bros.&#8220; \u00fcber alle Hindernisse zu steuern? Oder &#8211; f\u00fcr die \u00c4lteren unter uns &#8211; wie sie komplexe Strategien beim Brettspiel &#8222;Risiko&#8220; entwickelt haben, um die Welt zu erobern?Richtig, beim Spielen lernen wir alle sehr leicht und mit viel Spa\u00df.Nicht ohne Grund hat sich Gaming bei rund 34 Millionen Menschen mittlerweile zu einer der beliebtesten Freizeitbesch\u00e4ftigungen in Deutschland entwickelt.<strong>And that's exactly where our project idea comes in!<\/strong>Mit einer Gruppe von Studenten der mAHS, media Akademie &#8211; Hochschule Stuttgart, angef\u00fchrt vom Studiengangsleiter Game Design, Prof. Markus Wiemker, haben wir in 2016 ein Konzept f\u00fcr ein Computer Game entwickelt, das dann vion einem professionellen Game-Entwicklungsunternehmen aus Berlin auf die Marktanforderungen hin verfeinert wurde.Herausgekommen ist &#8222;Nalanda&#8220;, ein Adventure und \u2013Puzzle-Game, das auf iOS und Android laufen wird!In kurzen Adventure-Episoden wird darin die \u201eAchtsamkeit\u201c des Spielers gesch\u00e4rft und seine Empathief\u00e4higkeit gesteigert.Dabei soll jedoch nie der Zeigefinger erhoben werden oder Verhalten bestraft werden, sondern ausschlie\u00dflich Konsequenzen des Handelns aufgezeigt werden, um zum Nachdenken anzuregen.Der Spieler erlebt das Spiel als ein Puzzle von Geschichten, die er selbst zusammenstellen kann.Wir wollen uns mit diesem Game ganz bewusst von solchen Spielen absetzen, bei denen die Fertigkeit Erobern, T\u00f6ten oder Schnellfahren eines einzelnen belohnt wird.In Nalanda &#8222;gewinnt&#8220; vielmehr derjenige, der die Ursachen von Konflikten und die Wirkungen schlechter Handlungen entlarvt und so das Leiden anderer beseitigt oder das Gedeihen einer ganzen Gemeinschaft &#8211; hier des Dorfes &#8222;Nalanda&#8220; &#8211; bef\u00f6rdert.&#8220;Nalanda&#8220; vermittelt damit gleichzeitig subtil neuer Handlungsoptionen, die die Spieler dann in ihrer allt\u00e4glichen Wirklichkeit automatisch anwenden k\u00f6nnen.Das Game \u201eNalanda\u201c verschafft seinen Spielern daher quasi Gl\u00fcck im Quadrat &#8211; einmal durch das Spielen selbst, und dar\u00fcber hinaus durch die Wirkung, die das w\u00e4hrend des Spielens Erlernte im Alltag entfaltet!Der Anfang ist gemacht: In z\u00e4her Kleinarbeit, finanziert durch die gemeinn\u00fctzige Gesellschaft mindDIVING Akademie gGmbH und unterst\u00fctzt von zahlreichen Partnern wurde ein detailliertes Game Konzept entwickelt, das wir nun mit eurer Hilfe in die Tat umsetzen wollen!Mit einer kleinen Spende k\u00f6nnt Ihr das Dorf &#8222;Nalanda&#8220; zum Leben erwecken und Euch gleichzeitig in den Entwicklungsprozess einbringen!<\/p>\n<p><span style=\"width: 100%;\"><img decoding=\"async\" alt=\"\" title=\"Nalanda Aussehen\" data-id=\"263\" src=\"\/\/www.minddiving.academy\/wp-content\/uploads\/2017\/10\/Nalanda-Aussehen-300x144.jpg\" style=\"aspect-ratio: auto 300 \/ 144;\" width=\"510\" height=\"245\" loading=\"lazy\" data-width=\"510\" data-height=\"245\" data-init-width=\"300\" data-init-height=\"144\"><\/span><\/p>\n<p style=\"\"><a href=\"https:\/\/www.minddiving.academy\/en\/spenden\/\" style=\"outline: none;\" target=\"_blank\">Donate now!<\/a><\/p>\n<p><a href=\"https:\/\/www.paypal.com\/de\/cgi-bin\/webscr?cmd=_flow&amp;SESSION=P98IurHeVX0Em338deb9DMCnZ8PPSYEY8T-D8cKMANVhiCJFm1BT3IvqoTa&amp;dispatch=5885d80a13c0db1f8e263663d3faee8d795bb2096d7a7643a72ab88842aa1f54&amp;rapidsState=Donation__DonationFlow___StateDonationLogin&amp;rapidsStateSignature=35bbab955abc01762dad26e4f13916bd30d54078&amp;_fs=dff2927f-ea26-42c7-82c6-d42ea1b8b991\" target=\"_blank\"><\/a><\/p>","protected":false},"excerpt":{"rendered":"<p>Entwickel mit uns &#8222;Nalanda&#8220;, das Computer Game f\u00fcr Achtsamkeit und Ethik! Jetzt spenden! Auf neue, innovative Art Empathie, Achtsamkeit und Ethisches Handeln lernen! Unser Computer Game &#8222;Nalanda&#8220; bringt Gl\u00fcck im Quadrat f\u00fcr alle Altersgruppen UND die Gesellschaft: Beim Spielen selbst und beim Anwenden des Erlernten im Alltag! Kennst Du das Gl\u00fcck, das aus dem Mitgef\u00fchl [&hellip;]<\/p>\n","protected":false},"author":3,"featured_media":0,"parent":0,"menu_order":4,"comment_status":"closed","ping_status":"open","template":"","meta":{"_exactmetrics_skip_tracking":false,"_exactmetrics_sitenote_active":false,"_exactmetrics_sitenote_note":"","_exactmetrics_sitenote_category":0,"footnotes":""},"class_list":["post-78","page","type-page","status-publish","hentry"],"yoast_head":"<!-- This site is optimized with the Yoast SEO plugin v27.0 - https:\/\/yoast.com\/product\/yoast-seo-wordpress\/ -->\n<title>Nalanda - mindDIVING - Akademie f\u00fcr Gl\u00fcckserfahrung durch Geistesschulung<\/title>\n<meta name=\"robots\" content=\"index, follow, max-snippet:-1, max-image-preview:large, max-video-preview:-1\" \/>\n<link rel=\"canonical\" href=\"https:\/\/www.minddiving.academy\/en\/nalanda\/\" \/>\n<meta property=\"og:locale\" content=\"en_US\" \/>\n<meta property=\"og:type\" content=\"article\" \/>\n<meta property=\"og:title\" content=\"Nalanda - mindDIVING - Akademie f\u00fcr Gl\u00fcckserfahrung durch Geistesschulung\" \/>\n<meta property=\"og:description\" content=\"Entwickel mit uns &#8222;Nalanda&#8220;, das Computer Game f\u00fcr Achtsamkeit und Ethik! Jetzt spenden! Auf neue, innovative Art Empathie, Achtsamkeit und Ethisches Handeln lernen! Unser Computer Game &#8222;Nalanda&#8220; bringt Gl\u00fcck im Quadrat f\u00fcr alle Altersgruppen UND die Gesellschaft: Beim Spielen selbst und beim Anwenden des Erlernten im Alltag! Kennst Du das Gl\u00fcck, das aus dem Mitgef\u00fchl [&hellip;]\" \/>\n<meta property=\"og:url\" content=\"https:\/\/www.minddiving.academy\/en\/nalanda\/\" \/>\n<meta property=\"og:site_name\" content=\"mindDIVING - Akademie f\u00fcr Gl\u00fcckserfahrung durch Geistesschulung\" \/>\n<meta property=\"article:modified_time\" content=\"2026-03-04T22:31:18+00:00\" \/>\n<meta name=\"twitter:card\" content=\"summary_large_image\" \/>\n<meta name=\"twitter:label1\" content=\"Est. reading time\" \/>\n\t<meta name=\"twitter:data1\" content=\"4 minutes\" \/>\n<script type=\"application\/ld+json\" class=\"yoast-schema-graph\">{\"@context\":\"https:\/\/schema.org\",\"@graph\":[{\"@type\":\"WebPage\",\"@id\":\"https:\/\/www.minddiving.academy\/nalanda\/\",\"url\":\"https:\/\/www.minddiving.academy\/nalanda\/\",\"name\":\"Nalanda - mindDIVING - Akademie f\u00fcr Gl\u00fcckserfahrung durch Geistesschulung\",\"isPartOf\":{\"@id\":\"https:\/\/www.minddiving.academy\/#website\"},\"datePublished\":\"2017-10-03T12:31:55+00:00\",\"dateModified\":\"2026-03-04T22:31:18+00:00\",\"breadcrumb\":{\"@id\":\"https:\/\/www.minddiving.academy\/nalanda\/#breadcrumb\"},\"inLanguage\":\"en-US\",\"potentialAction\":[{\"@type\":\"ReadAction\",\"target\":[\"https:\/\/www.minddiving.academy\/nalanda\/\"]}]},{\"@type\":\"BreadcrumbList\",\"@id\":\"https:\/\/www.minddiving.academy\/nalanda\/#breadcrumb\",\"itemListElement\":[{\"@type\":\"ListItem\",\"position\":1,\"name\":\"Startseite\",\"item\":\"https:\/\/www.minddiving.academy\/\"},{\"@type\":\"ListItem\",\"position\":2,\"name\":\"Nalanda\"}]},{\"@type\":\"WebSite\",\"@id\":\"https:\/\/www.minddiving.academy\/#website\",\"url\":\"https:\/\/www.minddiving.academy\/\",\"name\":\"mindDIVING - Akademie f\u00fcr Gl\u00fcckserfahrung durch Geistesschulung\",\"description\":\"&quot;explore your mind and live happy!&quot;\",\"potentialAction\":[{\"@type\":\"SearchAction\",\"target\":{\"@type\":\"EntryPoint\",\"urlTemplate\":\"https:\/\/www.minddiving.academy\/?s={search_term_string}\"},\"query-input\":{\"@type\":\"PropertyValueSpecification\",\"valueRequired\":true,\"valueName\":\"search_term_string\"}}],\"inLanguage\":\"en-US\"}]}<\/script>\n<!-- \/ Yoast SEO plugin. -->","yoast_head_json":{"title":"Nalanda - mindDIVING - Akademie f\u00fcr Gl\u00fcckserfahrung durch Geistesschulung","robots":{"index":"index","follow":"follow","max-snippet":"max-snippet:-1","max-image-preview":"max-image-preview:large","max-video-preview":"max-video-preview:-1"},"canonical":"https:\/\/www.minddiving.academy\/en\/nalanda\/","og_locale":"en_US","og_type":"article","og_title":"Nalanda - mindDIVING - Akademie f\u00fcr Gl\u00fcckserfahrung durch Geistesschulung","og_description":"Entwickel mit uns &#8222;Nalanda&#8220;, das Computer Game f\u00fcr Achtsamkeit und Ethik! Jetzt spenden! Auf neue, innovative Art Empathie, Achtsamkeit und Ethisches Handeln lernen! Unser Computer Game &#8222;Nalanda&#8220; bringt Gl\u00fcck im Quadrat f\u00fcr alle Altersgruppen UND die Gesellschaft: Beim Spielen selbst und beim Anwenden des Erlernten im Alltag! Kennst Du das Gl\u00fcck, das aus dem Mitgef\u00fchl [&hellip;]","og_url":"https:\/\/www.minddiving.academy\/en\/nalanda\/","og_site_name":"mindDIVING - Akademie f\u00fcr Gl\u00fcckserfahrung durch Geistesschulung","article_modified_time":"2026-03-04T22:31:18+00:00","twitter_card":"summary_large_image","twitter_misc":{"Est. reading time":"4 minutes"},"schema":{"@context":"https:\/\/schema.org","@graph":[{"@type":"WebPage","@id":"https:\/\/www.minddiving.academy\/nalanda\/","url":"https:\/\/www.minddiving.academy\/nalanda\/","name":"Nalanda - mindDIVING - Akademie f\u00fcr Gl\u00fcckserfahrung durch Geistesschulung","isPartOf":{"@id":"https:\/\/www.minddiving.academy\/#website"},"datePublished":"2017-10-03T12:31:55+00:00","dateModified":"2026-03-04T22:31:18+00:00","breadcrumb":{"@id":"https:\/\/www.minddiving.academy\/nalanda\/#breadcrumb"},"inLanguage":"en-US","potentialAction":[{"@type":"ReadAction","target":["https:\/\/www.minddiving.academy\/nalanda\/"]}]},{"@type":"BreadcrumbList","@id":"https:\/\/www.minddiving.academy\/nalanda\/#breadcrumb","itemListElement":[{"@type":"ListItem","position":1,"name":"Startseite","item":"https:\/\/www.minddiving.academy\/"},{"@type":"ListItem","position":2,"name":"Nalanda"}]},{"@type":"WebSite","@id":"https:\/\/www.minddiving.academy\/#website","url":"https:\/\/www.minddiving.academy\/","name":"mindDIVING - Akademie f\u00fcr Gl\u00fcckserfahrung durch Geistesschulung","description":"&quot;explore your mind and live happy!&quot;","potentialAction":[{"@type":"SearchAction","target":{"@type":"EntryPoint","urlTemplate":"https:\/\/www.minddiving.academy\/?s={search_term_string}"},"query-input":{"@type":"PropertyValueSpecification","valueRequired":true,"valueName":"search_term_string"}}],"inLanguage":"en-US"}]}},"_links":{"self":[{"href":"https:\/\/www.minddiving.academy\/en\/wp-json\/wp\/v2\/pages\/78","targetHints":{"allow":["GET"]}}],"collection":[{"href":"https:\/\/www.minddiving.academy\/en\/wp-json\/wp\/v2\/pages"}],"about":[{"href":"https:\/\/www.minddiving.academy\/en\/wp-json\/wp\/v2\/types\/page"}],"author":[{"embeddable":true,"href":"https:\/\/www.minddiving.academy\/en\/wp-json\/wp\/v2\/users\/3"}],"replies":[{"embeddable":true,"href":"https:\/\/www.minddiving.academy\/en\/wp-json\/wp\/v2\/comments?post=78"}],"version-history":[{"count":54,"href":"https:\/\/www.minddiving.academy\/en\/wp-json\/wp\/v2\/pages\/78\/revisions"}],"predecessor-version":[{"id":1263,"href":"https:\/\/www.minddiving.academy\/en\/wp-json\/wp\/v2\/pages\/78\/revisions\/1263"}],"wp:attachment":[{"href":"https:\/\/www.minddiving.academy\/en\/wp-json\/wp\/v2\/media?parent=78"}],"curies":[{"name":"wp","href":"https:\/\/api.w.org\/{rel}","templated":true}]}}