{"id":450,"date":"2017-12-28T16:37:00","date_gmt":"2017-12-28T15:37:00","guid":{"rendered":"https:\/\/www.minddiving.academy\/?page_id=450"},"modified":"2018-05-28T14:54:03","modified_gmt":"2018-05-28T12:54:03","slug":"landingpage_1","status":"publish","type":"page","link":"https:\/\/www.minddiving.academy\/en\/landingpage_1\/","title":{"rendered":"Landingpage MBSR no video"},"content":{"rendered":"<p><span class=\"tve_image_frame\" style=\"width: 100%;\"><img loading=\"lazy\" decoding=\"async\" class=\"tve_image wp-image-18\" style=\"width: 100%;\" title=\"MD_logo_final_01\" src=\"\/\/www.minddiving.academy\/wp-content\/uploads\/2017\/09\/MD_logo_final_01-300x56.png\" alt=\"\" width=\"300\" height=\"56\" data-id=\"18\" srcset=\"https:\/\/www.minddiving.academy\/wp-content\/uploads\/2017\/09\/MD_logo_final_01-300x56.png 300w, https:\/\/www.minddiving.academy\/wp-content\/uploads\/2017\/09\/MD_logo_final_01-150x28.png 150w, https:\/\/www.minddiving.academy\/wp-content\/uploads\/2017\/09\/MD_logo_final_01-768x143.png 768w, https:\/\/www.minddiving.academy\/wp-content\/uploads\/2017\/09\/MD_logo_final_01-1024x191.png 1024w, https:\/\/www.minddiving.academy\/wp-content\/uploads\/2017\/09\/MD_logo_final_01-100x19.png 100w, https:\/\/www.minddiving.academy\/wp-content\/uploads\/2017\/09\/MD_logo_final_01-220x41.png 220w, https:\/\/www.minddiving.academy\/wp-content\/uploads\/2017\/09\/MD_logo_final_01-250x47.png 250w, https:\/\/www.minddiving.academy\/wp-content\/uploads\/2017\/09\/MD_logo_final_01-350x65.png 350w, https:\/\/www.minddiving.academy\/wp-content\/uploads\/2017\/09\/MD_logo_final_01-325x61.png 325w, https:\/\/www.minddiving.academy\/wp-content\/uploads\/2017\/09\/MD_logo_final_01-360x67.png 360w, https:\/\/www.minddiving.academy\/wp-content\/uploads\/2017\/09\/MD_logo_final_01-665x124.png 665w, https:\/\/www.minddiving.academy\/wp-content\/uploads\/2017\/09\/MD_logo_final_01-617x115.png 617w, https:\/\/www.minddiving.academy\/wp-content\/uploads\/2017\/09\/MD_logo_final_01-1130x211.png 1130w, https:\/\/www.minddiving.academy\/wp-content\/uploads\/2017\/09\/MD_logo_final_01.png 2048w\" sizes=\"auto, (max-width: 300px) 100vw, 300px\" \/><\/span><\/p>\n<h1 data-css=\"tve-u-15eeca0dec9\">Sie sind <strong>gestresst<\/strong>, leiden unter <strong>Schlaflosigkeit<\/strong> oder k\u00f6nnen sich nicht gut <strong>konzentrieren<\/strong>? Gerade entsteht dazu ein\u00a0<span style=\"color: #b69f44;\" data-css=\"tve-u-160555672a3\">Online-MBSR-Kurs<\/span><span style=\"color: #c37777;\" data-css=\"tve-u-160555672a5\">, der<\/span><span style=\"color: #b69f44;\" data-css=\"tve-u-16046097a4d\">\u00a0<\/span>Ihnen helfen kann!<\/h1>\n<p data-css=\"tve-u-15eeca677a7\"><span style=\"color: #050404;\" data-css=\"tve-u-15eecabfe0f\">\u200bEin Mind Based Stress Reduction-Kurs \u200b(MBSR)\u200b vermittelt Ihnen in nur 8 Wochen Techniken, wie Sie Ihren \u200bStress \u200breduzieren k\u00f6nnen und so Ihre Lebensenergie st\u00e4rken<\/span>.<\/p>\n<p data-css=\"tve-u-16055577331\"><span style=\"font-family: Raleway; font-weight: 400;\" data-css=\"tve-u-1609da67c39\">Tragen Sie <\/span><strong>unverbindlich<\/strong><span style=\"font-family: Raleway; font-weight: 400;\" data-css=\"tve-u-1609da67c39\"> Ihre E-Mail-Adresse ein und Sie erhalten eine Erinnerung, sobald der Kurs fertig ist. Sie k\u00f6nnen dann entscheiden, ob Sie den Kurs wirklich buchen m\u00f6chten.<\/span><\/p>\n<p data-css=\"tve-u-1609da6b8dd\"><span style=\"font-family: Raleway; font-weight: 400;\" data-css=\"tve-u-1609d9dd9ce\">\u200b<span style=\"color: #c37777;\" data-css=\"tve-u-1609da67c40\">Die ersten 30 Voranmelder erhalten im Falle einer sp\u00e4teren Buchung einen Early-Bird-Rabatt von 25 %!<\/span><\/span><\/p>\n<p data-css=\"tve-u-1614cffca24\"><span style=\"font-family: Raleway; font-weight: 400;\" data-css=\"tve-u-1614cffca3b\"><span data-css=\"tve-u-1614cffca54\">Unverbindlich und kostenfrei jetzt Platz im Kurs sichern.<\/span><\/span><\/p>\n<p>Tragen Sie Ihre E-Mail-Adresse ein und Sie erhalten eine Erinnerung, sobald der Kurs fertig ist!<\/p>\n<p data-css=\"tve-u-15eecb3a6db\">Lebensfreude steigern<\/p>\n<p>check<\/p>\n<p data-css=\"tve-u-15eecb3a6db\">Stress reduzieren<\/p>\n<p>check<\/p>\n<p><span style=\"font-weight: 400; font-family: Raleway;\" data-css=\"tve-u-15eecb4401a\">Online Kurs. Einfach von zu Hause<\/span><\/p>\n<p>check<span class=\"tve_image_frame\" style=\"width: 100%;\"><img loading=\"lazy\" decoding=\"async\" class=\"tve_image wp-image-439\" style=\"width: 100%;\" title=\"171228_entspannter_mann\" src=\"\/\/www.minddiving.academy\/wp-content\/uploads\/2017\/12\/171228_entspannter_mann-300x169.jpg\" alt=\"\" width=\"300\" height=\"169\" data-id=\"439\" srcset=\"https:\/\/www.minddiving.academy\/wp-content\/uploads\/2017\/12\/171228_entspannter_mann-300x169.jpg 300w, https:\/\/www.minddiving.academy\/wp-content\/uploads\/2017\/12\/171228_entspannter_mann-150x84.jpg 150w, https:\/\/www.minddiving.academy\/wp-content\/uploads\/2017\/12\/171228_entspannter_mann-768x432.jpg 768w, https:\/\/www.minddiving.academy\/wp-content\/uploads\/2017\/12\/171228_entspannter_mann-1024x576.jpg 1024w, https:\/\/www.minddiving.academy\/wp-content\/uploads\/2017\/12\/171228_entspannter_mann-100x56.jpg 100w, https:\/\/www.minddiving.academy\/wp-content\/uploads\/2017\/12\/171228_entspannter_mann-220x124.jpg 220w, https:\/\/www.minddiving.academy\/wp-content\/uploads\/2017\/12\/171228_entspannter_mann-178x100.jpg 178w, https:\/\/www.minddiving.academy\/wp-content\/uploads\/2017\/12\/171228_entspannter_mann-350x197.jpg 350w, https:\/\/www.minddiving.academy\/wp-content\/uploads\/2017\/12\/171228_entspannter_mann-325x183.jpg 325w, https:\/\/www.minddiving.academy\/wp-content\/uploads\/2017\/12\/171228_entspannter_mann-360x203.jpg 360w, https:\/\/www.minddiving.academy\/wp-content\/uploads\/2017\/12\/171228_entspannter_mann-649x365.jpg 649w, https:\/\/www.minddiving.academy\/wp-content\/uploads\/2017\/12\/171228_entspannter_mann-604x340.jpg 604w, https:\/\/www.minddiving.academy\/wp-content\/uploads\/2017\/12\/171228_entspannter_mann-1013x570.jpg 1013w, https:\/\/www.minddiving.academy\/wp-content\/uploads\/2017\/12\/171228_entspannter_mann.jpg 1413w\" sizes=\"auto, (max-width: 300px) 100vw, 300px\" \/><\/span><\/p>\n<script type=\"text\/javascript\">\n\/* <![CDATA[ *\/\nvar gform;gform||(document.addEventListener(\"gform_main_scripts_loaded\",function(){gform.scriptsLoaded=!0}),document.addEventListener(\"gform\/theme\/scripts_loaded\",function(){gform.themeScriptsLoaded=!0}),window.addEventListener(\"DOMContentLoaded\",function(){gform.domLoaded=!0}),gform={domLoaded:!1,scriptsLoaded:!1,themeScriptsLoaded:!1,isFormEditor:()=>\"function\"==typeof InitializeEditor,callIfLoaded:function(o){return!(!gform.domLoaded||!gform.scriptsLoaded||!gform.themeScriptsLoaded&&!gform.isFormEditor()||(gform.isFormEditor()&&console.warn(\"The use of gform.initializeOnLoaded() is deprecated in the form editor context and will be removed in Gravity Forms 3.1.\"),o(),0))},initializeOnLoaded:function(o){gform.callIfLoaded(o)||(document.addEventListener(\"gform_main_scripts_loaded\",()=>{gform.scriptsLoaded=!0,gform.callIfLoaded(o)}),document.addEventListener(\"gform\/theme\/scripts_loaded\",()=>{gform.themeScriptsLoaded=!0,gform.callIfLoaded(o)}),window.addEventListener(\"DOMContentLoaded\",()=>{gform.domLoaded=!0,gform.callIfLoaded(o)}))},hooks:{action:{},filter:{}},addAction:function(o,r,e,t){gform.addHook(\"action\",o,r,e,t)},addFilter:function(o,r,e,t){gform.addHook(\"filter\",o,r,e,t)},doAction:function(o){gform.doHook(\"action\",o,arguments)},applyFilters:function(o){return gform.doHook(\"filter\",o,arguments)},removeAction:function(o,r){gform.removeHook(\"action\",o,r)},removeFilter:function(o,r,e){gform.removeHook(\"filter\",o,r,e)},addHook:function(o,r,e,t,n){null==gform.hooks[o][r]&&(gform.hooks[o][r]=[]);var d=gform.hooks[o][r];null==n&&(n=r+\"_\"+d.length),gform.hooks[o][r].push({tag:n,callable:e,priority:t=null==t?10:t})},doHook:function(r,o,e){var t;if(e=Array.prototype.slice.call(e,1),null!=gform.hooks[r][o]&&((o=gform.hooks[r][o]).sort(function(o,r){return o.priority-r.priority}),o.forEach(function(o){\"function\"!=typeof(t=o.callable)&&(t=window[t]),\"action\"==r?t.apply(null,e):e[0]=t.apply(null,e)})),\"filter\"==r)return e[0]},removeHook:function(o,r,t,n){var e;null!=gform.hooks[o][r]&&(e=(e=gform.hooks[o][r]).filter(function(o,r,e){return!!(null!=n&&n!=o.tag||null!=t&&t!=o.priority)}),gform.hooks[o][r]=e)}});\n\/* ]]> *\/\n<\/script>\n\n                <div class='gf_browser_gecko gform_wrapper gform_legacy_markup_wrapper gform-theme--no-framework' data-form-theme='legacy' data-form-index='0' id='gform_wrapper_7' ><form method='post' enctype='multipart\/form-data'  id='gform_7'  action='\/en\/wp-json\/wp\/v2\/pages\/450' data-formid='7' novalidate>\n                        <div class='gform-body gform_body'><ul id='gform_fields_7' class='gform_fields top_label form_sublabel_below description_below validation_below'><li id=\"field_7_1\" class=\"gfield gfield--type-email field_sublabel_below gfield--no-description field_description_below field_validation_below gfield_visibility_visible\"  ><label class='gfield_label gform-field-label' for='input_7_1'>E-Mail<\/label><div class='ginput_container ginput_container_email'>\n                            <input name='input_1' id='input_7_1' type='email' value='' class='large'     aria-invalid=\"false\"  \/>\n                        <\/div><\/li><li id=\"field_7_2\" class=\"gfield gfield--type-html gfield_html gfield_html_formatted gfield_no_follows_desc field_sublabel_below gfield--no-description field_description_below field_validation_below gfield_visibility_visible\"  >Wir geben Ihre Daten niemals an Dritte weiter. Sie k\u00f6nnen Ihre E-Mail-Adresse jederzeit mit nur einem Mausklick aus unserem System l\u00f6schen. Bitte lesen Sie vor dem Absenden diese wichtigen <a href=\"https:\/\/www.minddiving.academy\/wp-content\/uploads\/2018\/05\/transparenzerklaerung_minddiving.pdf\" target=\"_blank\">Informationen zum Datenschutz<\/a>.<\/li><\/ul><\/div>\n        <div class='gform-footer gform_footer top_label'> <input type='submit' id='gform_submit_button_7' class='gform_button button' onclick='gform.submission.handleButtonClick(this);' data-submission-type='submit' value='Absenden'  \/> \n            <input type='hidden' class='gform_hidden' name='gform_submission_method' data-js='gform_submission_method_7' value='postback' \/>\n            <input type='hidden' class='gform_hidden' name='gform_theme' data-js='gform_theme_7' id='gform_theme_7' value='legacy' \/>\n            <input type='hidden' class='gform_hidden' name='gform_style_settings' data-js='gform_style_settings_7' id='gform_style_settings_7' value='[]' \/>\n            <input type='hidden' class='gform_hidden' name='is_submit_7' value='1' \/>\n            <input type='hidden' class='gform_hidden' name='gform_submit' value='7' \/>\n            \n            <input type='hidden' class='gform_hidden' name='gform_currency' data-currency='EUR' value='hBksNA6XJoAd3XYcHKDDhzmZMLgN+5qf0QftXxPCUUToWk+3C9ahFf1frGWl4BbREv9hiigZXWP12yVVmDs+Xj0Um7zpQ6yktKL5v6nL22cNbtY=' \/>\n            <input type='hidden' class='gform_hidden' name='gform_unique_id' value='' \/>\n            <input type='hidden' class='gform_hidden' name='state_7' value='WyJbXSIsImE4NTNjZjc2NzcxZTgxYjFhMDliOGRjOGMwMjJmODNjIl0=' \/>\n            <input type='hidden' autocomplete='off' class='gform_hidden' name='gform_target_page_number_7' id='gform_target_page_number_7' value='0' \/>\n            <input type='hidden' autocomplete='off' class='gform_hidden' name='gform_source_page_number_7' id='gform_source_page_number_7' value='1' \/>\n            <input type='hidden' name='gform_field_values' value='' \/>\n            \n        <\/div>\n                        <\/form>\n                        <\/div><script type=\"text\/javascript\">\n\/* <![CDATA[ *\/\n gform.initializeOnLoaded( function() {gformInitSpinner( 7, 'https:\/\/www.minddiving.academy\/wp-content\/plugins\/gravityforms\/images\/spinner.svg', true );jQuery('#gform_ajax_frame_7').on('load',function(){var contents = jQuery(this).contents().find('*').html();var is_postback = contents.indexOf('GF_AJAX_POSTBACK') >= 0;if(!is_postback){return;}var form_content = jQuery(this).contents().find('#gform_wrapper_7');var is_confirmation = jQuery(this).contents().find('#gform_confirmation_wrapper_7').length > 0;var is_redirect = contents.indexOf('gformRedirect(){') >= 0;var is_form = form_content.length > 0 && ! is_redirect && ! is_confirmation;var mt = parseInt(jQuery('html').css('margin-top'), 10) + parseInt(jQuery('body').css('margin-top'), 10) + 100;if(is_form){jQuery('#gform_wrapper_7').html(form_content.html());if(form_content.hasClass('gform_validation_error')){jQuery('#gform_wrapper_7').addClass('gform_validation_error');} else {jQuery('#gform_wrapper_7').removeClass('gform_validation_error');}setTimeout( function() { \/* delay the scroll by 50 milliseconds to fix a bug in chrome *\/  }, 50 );if(window['gformInitDatepicker']) {gformInitDatepicker();}if(window['gformInitPriceFields']) {gformInitPriceFields();}var current_page = jQuery('#gform_source_page_number_7').val();gformInitSpinner( 7, 'https:\/\/www.minddiving.academy\/wp-content\/plugins\/gravityforms\/images\/spinner.svg', true );jQuery(document).trigger('gform_page_loaded', [7, current_page]);window['gf_submitting_7'] = false;}else if(!is_redirect){var confirmation_content = jQuery(this).contents().find('.GF_AJAX_POSTBACK').html();if(!confirmation_content){confirmation_content = contents;}jQuery('#gform_wrapper_7').replaceWith(confirmation_content);jQuery(document).trigger('gform_confirmation_loaded', [7]);window['gf_submitting_7'] = false;wp.a11y.speak(jQuery('#gform_confirmation_message_7').text());}else{jQuery('#gform_7').append(contents);if(window['gformRedirect']) {gformRedirect();}}jQuery(document).trigger(\"gform_pre_post_render\", [{ formId: \"7\", currentPage: \"current_page\", abort: function() { this.preventDefault(); } }]);        if (event && event.defaultPrevented) {                return;        }        const gformWrapperDiv = document.getElementById( \"gform_wrapper_7\" );        if ( gformWrapperDiv ) {            const visibilitySpan = document.createElement( \"span\" );            visibilitySpan.id = \"gform_visibility_test_7\";            gformWrapperDiv.insertAdjacentElement( \"afterend\", visibilitySpan );        }        const visibilityTestDiv = document.getElementById( \"gform_visibility_test_7\" );        let postRenderFired = false;        function triggerPostRender() {            if ( postRenderFired ) {                return;            }            postRenderFired = true;            gform.core.triggerPostRenderEvents( 7, current_page );            if ( visibilityTestDiv ) {                visibilityTestDiv.parentNode.removeChild( visibilityTestDiv );            }        }        function debounce( func, wait, immediate ) {            var timeout;            return function() {                var context = this, args = arguments;                var later = function() {                    timeout = null;                    if ( !immediate ) func.apply( context, args );                };                var callNow = immediate && !timeout;                clearTimeout( timeout );                timeout = setTimeout( later, wait );                if ( callNow ) func.apply( context, args );            };        }        const debouncedTriggerPostRender = debounce( function() {            triggerPostRender();        }, 200 );        if ( visibilityTestDiv && visibilityTestDiv.offsetParent === null ) {            const observer = new MutationObserver( ( mutations ) => {                mutations.forEach( ( mutation ) => {                    if ( mutation.type === 'attributes' && visibilityTestDiv.offsetParent !== null ) {                        debouncedTriggerPostRender();                        observer.disconnect();                    }                });            });            observer.observe( document.body, {                attributes: true,                childList: false,                subtree: true,                attributeFilter: [ 'style', 'class' ],            });        } else {            triggerPostRender();        }    } );} ); \n\/* ]]> *\/\n<\/script>\n\n<p data-css=\"tve-u-15eecadf93d\"><span style=\"font-weight: 400; font-family: Raleway;\" data-css=\"tve-u-15eecaddd9f\"><em>Die Mission von mindDIVING ist es, Menschen mit relevanten Informationen zu versorgen, um ein besseres Verst\u00e4ndnis f\u00fcr das eigene Empfinden von Gl\u00fcck und Wohlbefinden zu entwickeln um so gezielt Handlungen auszuf\u00fchren, die zu Gl\u00fcck, Wohlbefinden und Gesundheit f\u00fchren. Dazu verpflichten wir uns Ihnen auch nach der unverbindlichen Eintragung Ihrer E-Mail Adresse im Rahmen dieses <\/em><\/span><a href=\"https:\/\/www.minddiving.academy\/aib\/\" target=\"_blank\" rel=\"noopener\"><span style=\"font-weight: 400; font-family: Raleway;\" data-css=\"tve-u-15eecaddd9f\"><em>Informationsvertrages<\/em><\/span><\/a><span style=\"font-weight: 400; font-family: Raleway;\" data-css=\"tve-u-15eecaddd9f\"><em> regelm\u00e4\u00dfig n\u00fctzliche Informationen rund um die folgenden Themen zu schicken:Neue mindDIVING Produktupdates, Anwendung von mindDIVING und verwandten Produkten Dritter, Methoden und Wissen \u00fcber Geistesschulung wie Meditation, Neurowissenschaften und vergleichbare Themen, Seminare und Webinare von mindDIVING, Seminare und Webinare Dritter, Empfehlungen geeigneter Produkte DritterMit der Kenntnisnahme unserer Informationen zum Datenschutz stimmen Sie diesem Informationsvertrag zu. Sie k\u00f6nnen diese exklusiven Informationen jederzeit abbestellen, indem Sie auf den Abmeldelink klicken, den Sie am Ende jeder unserer E-Mails finden. Dadurch endet dieser <\/em><\/span><a href=\"https:\/\/www.minddiving.academy\/aib\/\" target=\"_blank\" rel=\"noopener\"><span style=\"font-weight: 400; font-family: Raleway;\" data-css=\"tve-u-15eecaddd9f\"><em>Informationsvertrag.<\/em><\/span><\/a><\/p>\n","protected":false},"excerpt":{"rendered":"<p>Sie sind gestresst, leiden unter Schlaflosigkeit oder k\u00f6nnen sich nicht gut konzentrieren? Gerade entsteht dazu ein\u00a0Online-MBSR-Kurs, der\u00a0Ihnen helfen kann! \u200bEin Mind Based Stress Reduction-Kurs \u200b(MBSR)\u200b vermittelt Ihnen in nur 8 Wochen Techniken, wie Sie Ihren \u200bStress \u200breduzieren k\u00f6nnen und so Ihre Lebensenergie st\u00e4rken. Tragen Sie unverbindlich Ihre E-Mail-Adresse ein und Sie erhalten eine Erinnerung, sobald [&hellip;]<\/p>\n","protected":false},"author":3,"featured_media":0,"parent":0,"menu_order":18,"comment_status":"closed","ping_status":"open","template":"","meta":{"_exactmetrics_skip_tracking":false,"_exactmetrics_sitenote_active":false,"_exactmetrics_sitenote_note":"","_exactmetrics_sitenote_category":0,"footnotes":""},"class_list":["post-450","page","type-page","status-publish","hentry"],"yoast_head":"<!-- This site is optimized with the Yoast SEO plugin v27.3 - https:\/\/yoast.com\/product\/yoast-seo-wordpress\/ -->\n<title>Landingpage MBSR no video - mindDIVING - Akademie f\u00fcr Gl\u00fcckserfahrung durch Geistesschulung<\/title>\n<meta name=\"robots\" content=\"index, follow, max-snippet:-1, max-image-preview:large, max-video-preview:-1\" \/>\n<link rel=\"canonical\" href=\"https:\/\/www.minddiving.academy\/en\/landingpage_1\/\" \/>\n<meta property=\"og:locale\" content=\"en_US\" \/>\n<meta property=\"og:type\" content=\"article\" \/>\n<meta property=\"og:title\" content=\"Landingpage MBSR no video - mindDIVING - Akademie f\u00fcr Gl\u00fcckserfahrung durch Geistesschulung\" \/>\n<meta property=\"og:description\" content=\"Sie sind gestresst, leiden unter Schlaflosigkeit oder k\u00f6nnen sich nicht gut konzentrieren? Gerade entsteht dazu ein\u00a0Online-MBSR-Kurs, der\u00a0Ihnen helfen kann! \u200bEin Mind Based Stress Reduction-Kurs \u200b(MBSR)\u200b vermittelt Ihnen in nur 8 Wochen Techniken, wie Sie Ihren \u200bStress \u200breduzieren k\u00f6nnen und so Ihre Lebensenergie st\u00e4rken. Tragen Sie unverbindlich Ihre E-Mail-Adresse ein und Sie erhalten eine Erinnerung, sobald [&hellip;]\" \/>\n<meta property=\"og:url\" content=\"https:\/\/www.minddiving.academy\/en\/landingpage_1\/\" \/>\n<meta property=\"og:site_name\" content=\"mindDIVING - Akademie f\u00fcr Gl\u00fcckserfahrung durch Geistesschulung\" \/>\n<meta property=\"article:modified_time\" content=\"2018-05-28T12:54:03+00:00\" \/>\n<meta property=\"og:image\" content=\"\/\/www.minddiving.academy\/wp-content\/uploads\/2017\/09\/MD_logo_final_01-300x56.png\" \/>\n<meta name=\"twitter:card\" content=\"summary_large_image\" \/>\n<meta name=\"twitter:label1\" content=\"Est. reading time\" \/>\n\t<meta name=\"twitter:data1\" content=\"1 minute\" \/>\n<script type=\"application\/ld+json\" class=\"yoast-schema-graph\">{\"@context\":\"https:\\\/\\\/schema.org\",\"@graph\":[{\"@type\":\"WebPage\",\"@id\":\"https:\\\/\\\/www.minddiving.academy\\\/landingpage_1\\\/\",\"url\":\"https:\\\/\\\/www.minddiving.academy\\\/landingpage_1\\\/\",\"name\":\"Landingpage MBSR no video - mindDIVING - Akademie f\u00fcr Gl\u00fcckserfahrung durch Geistesschulung\",\"isPartOf\":{\"@id\":\"https:\\\/\\\/www.minddiving.academy\\\/#website\"},\"datePublished\":\"2017-12-28T15:37:00+00:00\",\"dateModified\":\"2018-05-28T12:54:03+00:00\",\"breadcrumb\":{\"@id\":\"https:\\\/\\\/www.minddiving.academy\\\/landingpage_1\\\/#breadcrumb\"},\"inLanguage\":\"en-US\",\"potentialAction\":[{\"@type\":\"ReadAction\",\"target\":[\"https:\\\/\\\/www.minddiving.academy\\\/landingpage_1\\\/\"]}]},{\"@type\":\"BreadcrumbList\",\"@id\":\"https:\\\/\\\/www.minddiving.academy\\\/landingpage_1\\\/#breadcrumb\",\"itemListElement\":[{\"@type\":\"ListItem\",\"position\":1,\"name\":\"Startseite\",\"item\":\"https:\\\/\\\/www.minddiving.academy\\\/\"},{\"@type\":\"ListItem\",\"position\":2,\"name\":\"Landingpage MBSR no video\"}]},{\"@type\":\"WebSite\",\"@id\":\"https:\\\/\\\/www.minddiving.academy\\\/#website\",\"url\":\"https:\\\/\\\/www.minddiving.academy\\\/\",\"name\":\"mindDIVING - Akademie f\u00fcr Gl\u00fcckserfahrung durch Geistesschulung\",\"description\":\"&quot;explore your mind and live happy!&quot;\",\"potentialAction\":[{\"@type\":\"SearchAction\",\"target\":{\"@type\":\"EntryPoint\",\"urlTemplate\":\"https:\\\/\\\/www.minddiving.academy\\\/?s={search_term_string}\"},\"query-input\":{\"@type\":\"PropertyValueSpecification\",\"valueRequired\":true,\"valueName\":\"search_term_string\"}}],\"inLanguage\":\"en-US\"}]}<\/script>\n<!-- \/ Yoast SEO plugin. -->","yoast_head_json":{"title":"Landingpage MBSR no video - mindDIVING - Akademie f\u00fcr Gl\u00fcckserfahrung durch Geistesschulung","robots":{"index":"index","follow":"follow","max-snippet":"max-snippet:-1","max-image-preview":"max-image-preview:large","max-video-preview":"max-video-preview:-1"},"canonical":"https:\/\/www.minddiving.academy\/en\/landingpage_1\/","og_locale":"en_US","og_type":"article","og_title":"Landingpage MBSR no video - mindDIVING - Akademie f\u00fcr Gl\u00fcckserfahrung durch Geistesschulung","og_description":"Sie sind gestresst, leiden unter Schlaflosigkeit oder k\u00f6nnen sich nicht gut konzentrieren? Gerade entsteht dazu ein\u00a0Online-MBSR-Kurs, der\u00a0Ihnen helfen kann! \u200bEin Mind Based Stress Reduction-Kurs \u200b(MBSR)\u200b vermittelt Ihnen in nur 8 Wochen Techniken, wie Sie Ihren \u200bStress \u200breduzieren k\u00f6nnen und so Ihre Lebensenergie st\u00e4rken. Tragen Sie unverbindlich Ihre E-Mail-Adresse ein und Sie erhalten eine Erinnerung, sobald [&hellip;]","og_url":"https:\/\/www.minddiving.academy\/en\/landingpage_1\/","og_site_name":"mindDIVING - Akademie f\u00fcr Gl\u00fcckserfahrung durch Geistesschulung","article_modified_time":"2018-05-28T12:54:03+00:00","og_image":[{"url":"\/\/www.minddiving.academy\/wp-content\/uploads\/2017\/09\/MD_logo_final_01-300x56.png","type":"","width":"","height":""}],"twitter_card":"summary_large_image","twitter_misc":{"Est. reading time":"1 minute"},"schema":{"@context":"https:\/\/schema.org","@graph":[{"@type":"WebPage","@id":"https:\/\/www.minddiving.academy\/landingpage_1\/","url":"https:\/\/www.minddiving.academy\/landingpage_1\/","name":"Landingpage MBSR no video - mindDIVING - Akademie f\u00fcr Gl\u00fcckserfahrung durch Geistesschulung","isPartOf":{"@id":"https:\/\/www.minddiving.academy\/#website"},"datePublished":"2017-12-28T15:37:00+00:00","dateModified":"2018-05-28T12:54:03+00:00","breadcrumb":{"@id":"https:\/\/www.minddiving.academy\/landingpage_1\/#breadcrumb"},"inLanguage":"en-US","potentialAction":[{"@type":"ReadAction","target":["https:\/\/www.minddiving.academy\/landingpage_1\/"]}]},{"@type":"BreadcrumbList","@id":"https:\/\/www.minddiving.academy\/landingpage_1\/#breadcrumb","itemListElement":[{"@type":"ListItem","position":1,"name":"Startseite","item":"https:\/\/www.minddiving.academy\/"},{"@type":"ListItem","position":2,"name":"Landingpage MBSR no video"}]},{"@type":"WebSite","@id":"https:\/\/www.minddiving.academy\/#website","url":"https:\/\/www.minddiving.academy\/","name":"mindDIVING - Akademie f\u00fcr Gl\u00fcckserfahrung durch Geistesschulung","description":"&quot;explore your mind and live happy!&quot;","potentialAction":[{"@type":"SearchAction","target":{"@type":"EntryPoint","urlTemplate":"https:\/\/www.minddiving.academy\/?s={search_term_string}"},"query-input":{"@type":"PropertyValueSpecification","valueRequired":true,"valueName":"search_term_string"}}],"inLanguage":"en-US"}]}},"_links":{"self":[{"href":"https:\/\/www.minddiving.academy\/en\/wp-json\/wp\/v2\/pages\/450","targetHints":{"allow":["GET"]}}],"collection":[{"href":"https:\/\/www.minddiving.academy\/en\/wp-json\/wp\/v2\/pages"}],"about":[{"href":"https:\/\/www.minddiving.academy\/en\/wp-json\/wp\/v2\/types\/page"}],"author":[{"embeddable":true,"href":"https:\/\/www.minddiving.academy\/en\/wp-json\/wp\/v2\/users\/3"}],"replies":[{"embeddable":true,"href":"https:\/\/www.minddiving.academy\/en\/wp-json\/wp\/v2\/comments?post=450"}],"version-history":[{"count":10,"href":"https:\/\/www.minddiving.academy\/en\/wp-json\/wp\/v2\/pages\/450\/revisions"}],"predecessor-version":[{"id":815,"href":"https:\/\/www.minddiving.academy\/en\/wp-json\/wp\/v2\/pages\/450\/revisions\/815"}],"wp:attachment":[{"href":"https:\/\/www.minddiving.academy\/en\/wp-json\/wp\/v2\/media?parent=450"}],"curies":[{"name":"wp","href":"https:\/\/api.w.org\/{rel}","templated":true}]}}