{"id":312,"date":"2017-12-07T13:38:16","date_gmt":"2017-12-07T12:38:16","guid":{"rendered":"https:\/\/www.minddiving.academy\/?page_id=312"},"modified":"2017-12-07T14:10:05","modified_gmt":"2017-12-07T13:10:05","slug":"spenden-nalanda","status":"publish","type":"page","link":"https:\/\/www.minddiving.academy\/en\/spenden-nalanda\/","title":{"rendered":"Spenden Nalanda"},"content":{"rendered":"<h1 data-default=\"Your Heading Here\">Entwickle mit uns &#8222;Nalanda&#8220;, das Computer Game f\u00fcr Achtsamkeit und Ethik!<\/h1>\n<p><span style=\"width: 100%;\"><img loading=\"lazy\" decoding=\"async\" alt=\"\" width=\"300\" height=\"169\" title=\"171206_betterplace_intro_bild\" data-id=\"280\" src=\"\/\/www.minddiving.academy\/wp-content\/uploads\/2017\/12\/171206_betterplace_intro_bild-300x169.jpg\" style=\"width: 100%;\"><\/span><span style=\"width: 100%;\"><img loading=\"lazy\" decoding=\"async\" alt=\"\" width=\"300\" height=\"169\" title=\"Nalanda_logo\" data-id=\"283\" src=\"\/\/www.minddiving.academy\/wp-content\/uploads\/2017\/12\/Nalanda_logo-300x169.png\" style=\"width: 100%;\"><\/span>[tcb-script type=&#8220;text\/javascript&#8220;]\/* Configure at https:\/\/www.betterplace.org\/de\/projects\/59092-entwickle-mit-uns-nalanda-das-computer-game-fur-achtsamkeit-und-ethik\/manage\/iframe_donation_form\/new *\/var _bp_iframe        = _bp_iframe || {};_bp_iframe.project_id = 59092; \/* REQUIRED *\/_bp_iframe.lang       = &#8218;de&#8216;; \/* Language of the form *\/_bp_iframe.width = 600; \/* Custom iframe-tag-width, integer *\/_bp_iframe.color = &#8218;c37777&#8216;; \/* Button and banderole color, hex without &#8222;#&#8220; *\/_bp_iframe.background_color = &#8218;ffffff&#8216;; \/* Background-color, hex without &#8222;#&#8220; *\/_bp_iframe.default_amount = 49; \/* Donation-amount, integer 1-99 *\/_bp_iframe.default_data_transfer_accepted = true; \/* true (default), false *\/_bp_iframe.recurring_interval = &#8217;single&#8216;; \/* Interval for recurring donations, string out of [&#8222;single&#8220;, &#8222;monthly&#8220;, &#8222;quarter_yearly&#8220;, &#8222;half_yearly&#8220;, &#8222;yearly&#8220;] *\/_bp_iframe.bottom_logo = true;(function() {var bp = document.createElement(&#8217;script&#8216;); bp.type = &#8218;text\/javascript&#8216;; bp.async = true;bp.src = &#8218;https:\/\/asset1.betterplace.org\/assets\/load_donation_iframe.js&#8216;;var s = document.getElementsByTagName(&#8217;script&#8216;)[0]; s.parentNode.insertBefore(bp, s);})();[\/tcb-script]<strong><a href=\"https:\/\/www.betterplace.org\/de\/projects\/59092-entwickle-mit-uns-nalanda-das-computer-game-fur-achtsamkeit-und-ethik\/donations\/new\">Jetzt Spenden f\u00fcr \u201eEntwickle mit uns &#8222;Nalanda&#8220;, das Computer Game f\u00fcr Achtsamkeit und Ethik!\u201c bei unserem Partner betterplace.org<\/a><\/strong><\/p>\n","protected":false},"excerpt":{"rendered":"<p>Entwickle mit uns &#8222;Nalanda&#8220;, das Computer Game f\u00fcr Achtsamkeit und Ethik! [tcb-script type=&#8220;text\/javascript&#8220;]\/* Configure at https:\/\/www.betterplace.org\/de\/projects\/59092-entwickle-mit-uns-nalanda-das-computer-game-fur-achtsamkeit-und-ethik\/manage\/iframe_donation_form\/new *\/var _bp_iframe = _bp_iframe || {};_bp_iframe.project_id = 59092; \/* REQUIRED *\/_bp_iframe.lang = &#8218;de&#8216;; \/* Language of the form *\/_bp_iframe.width = 600; \/* Custom iframe-tag-width, integer *\/_bp_iframe.color = &#8218;c37777&#8216;; \/* Button and banderole color, hex without &#8222;#&#8220; *\/_bp_iframe.background_color = &#8218;ffffff&#8216;; [&hellip;]<\/p>\n","protected":false},"author":3,"featured_media":0,"parent":0,"menu_order":9,"comment_status":"closed","ping_status":"open","template":"","meta":{"_exactmetrics_skip_tracking":false,"_exactmetrics_sitenote_active":false,"_exactmetrics_sitenote_note":"","_exactmetrics_sitenote_category":0,"footnotes":""},"class_list":["post-312","page","type-page","status-publish","hentry"],"yoast_head":"<!-- This site is optimized with the Yoast SEO plugin v27.3 - https:\/\/yoast.com\/product\/yoast-seo-wordpress\/ -->\n<title>Spenden Nalanda - mindDIVING - Akademie f\u00fcr Gl\u00fcckserfahrung durch Geistesschulung<\/title>\n<meta name=\"robots\" content=\"index, follow, max-snippet:-1, max-image-preview:large, max-video-preview:-1\" \/>\n<link rel=\"canonical\" href=\"https:\/\/www.minddiving.academy\/en\/spenden-nalanda\/\" \/>\n<meta property=\"og:locale\" content=\"en_US\" \/>\n<meta property=\"og:type\" content=\"article\" \/>\n<meta property=\"og:title\" content=\"Spenden Nalanda - mindDIVING - Akademie f\u00fcr Gl\u00fcckserfahrung durch Geistesschulung\" \/>\n<meta property=\"og:description\" content=\"Entwickle mit uns &#8222;Nalanda&#8220;, das Computer Game f\u00fcr Achtsamkeit und Ethik! [tcb-script type=&#8220;text\/javascript&#8220;]\/* Configure at https:\/\/www.betterplace.org\/de\/projects\/59092-entwickle-mit-uns-nalanda-das-computer-game-fur-achtsamkeit-und-ethik\/manage\/iframe_donation_form\/new *\/var _bp_iframe = _bp_iframe || {};_bp_iframe.project_id = 59092; \/* REQUIRED *\/_bp_iframe.lang = &#8218;de&#8216;; \/* Language of the form *\/_bp_iframe.width = 600; \/* Custom iframe-tag-width, integer *\/_bp_iframe.color = &#8218;c37777&#8216;; \/* Button and banderole color, hex without &#8222;#&#8220; *\/_bp_iframe.background_color = &#8218;ffffff&#8216;; [&hellip;]\" \/>\n<meta property=\"og:url\" content=\"https:\/\/www.minddiving.academy\/en\/spenden-nalanda\/\" \/>\n<meta property=\"og:site_name\" content=\"mindDIVING - Akademie f\u00fcr Gl\u00fcckserfahrung durch Geistesschulung\" \/>\n<meta property=\"article:modified_time\" content=\"2017-12-07T13:10:05+00:00\" \/>\n<meta property=\"og:image\" content=\"\/\/www.minddiving.academy\/wp-content\/uploads\/2017\/12\/171206_betterplace_intro_bild-300x169.jpg\" \/>\n<meta name=\"twitter:card\" content=\"summary_large_image\" \/>\n<meta name=\"twitter:label1\" content=\"Est. reading time\" \/>\n\t<meta name=\"twitter:data1\" content=\"1 minute\" \/>\n<script type=\"application\/ld+json\" class=\"yoast-schema-graph\">{\"@context\":\"https:\\\/\\\/schema.org\",\"@graph\":[{\"@type\":\"WebPage\",\"@id\":\"https:\\\/\\\/www.minddiving.academy\\\/spenden-nalanda\\\/\",\"url\":\"https:\\\/\\\/www.minddiving.academy\\\/spenden-nalanda\\\/\",\"name\":\"Spenden Nalanda - mindDIVING - Akademie f\u00fcr Gl\u00fcckserfahrung durch Geistesschulung\",\"isPartOf\":{\"@id\":\"https:\\\/\\\/www.minddiving.academy\\\/#website\"},\"datePublished\":\"2017-12-07T12:38:16+00:00\",\"dateModified\":\"2017-12-07T13:10:05+00:00\",\"breadcrumb\":{\"@id\":\"https:\\\/\\\/www.minddiving.academy\\\/spenden-nalanda\\\/#breadcrumb\"},\"inLanguage\":\"en-US\",\"potentialAction\":[{\"@type\":\"ReadAction\",\"target\":[\"https:\\\/\\\/www.minddiving.academy\\\/spenden-nalanda\\\/\"]}]},{\"@type\":\"BreadcrumbList\",\"@id\":\"https:\\\/\\\/www.minddiving.academy\\\/spenden-nalanda\\\/#breadcrumb\",\"itemListElement\":[{\"@type\":\"ListItem\",\"position\":1,\"name\":\"Startseite\",\"item\":\"https:\\\/\\\/www.minddiving.academy\\\/\"},{\"@type\":\"ListItem\",\"position\":2,\"name\":\"Spenden Nalanda\"}]},{\"@type\":\"WebSite\",\"@id\":\"https:\\\/\\\/www.minddiving.academy\\\/#website\",\"url\":\"https:\\\/\\\/www.minddiving.academy\\\/\",\"name\":\"mindDIVING - Akademie f\u00fcr Gl\u00fcckserfahrung durch Geistesschulung\",\"description\":\"&quot;explore your mind and live happy!&quot;\",\"potentialAction\":[{\"@type\":\"SearchAction\",\"target\":{\"@type\":\"EntryPoint\",\"urlTemplate\":\"https:\\\/\\\/www.minddiving.academy\\\/?s={search_term_string}\"},\"query-input\":{\"@type\":\"PropertyValueSpecification\",\"valueRequired\":true,\"valueName\":\"search_term_string\"}}],\"inLanguage\":\"en-US\"}]}<\/script>\n<!-- \/ Yoast SEO plugin. -->","yoast_head_json":{"title":"Spenden Nalanda - mindDIVING - Akademie f\u00fcr Gl\u00fcckserfahrung durch Geistesschulung","robots":{"index":"index","follow":"follow","max-snippet":"max-snippet:-1","max-image-preview":"max-image-preview:large","max-video-preview":"max-video-preview:-1"},"canonical":"https:\/\/www.minddiving.academy\/en\/spenden-nalanda\/","og_locale":"en_US","og_type":"article","og_title":"Spenden Nalanda - mindDIVING - Akademie f\u00fcr Gl\u00fcckserfahrung durch Geistesschulung","og_description":"Entwickle mit uns &#8222;Nalanda&#8220;, das Computer Game f\u00fcr Achtsamkeit und Ethik! [tcb-script type=&#8220;text\/javascript&#8220;]\/* Configure at https:\/\/www.betterplace.org\/de\/projects\/59092-entwickle-mit-uns-nalanda-das-computer-game-fur-achtsamkeit-und-ethik\/manage\/iframe_donation_form\/new *\/var _bp_iframe = _bp_iframe || {};_bp_iframe.project_id = 59092; \/* REQUIRED *\/_bp_iframe.lang = &#8218;de&#8216;; \/* Language of the form *\/_bp_iframe.width = 600; \/* Custom iframe-tag-width, integer *\/_bp_iframe.color = &#8218;c37777&#8216;; \/* Button and banderole color, hex without &#8222;#&#8220; *\/_bp_iframe.background_color = &#8218;ffffff&#8216;; [&hellip;]","og_url":"https:\/\/www.minddiving.academy\/en\/spenden-nalanda\/","og_site_name":"mindDIVING - Akademie f\u00fcr Gl\u00fcckserfahrung durch Geistesschulung","article_modified_time":"2017-12-07T13:10:05+00:00","og_image":[{"url":"\/\/www.minddiving.academy\/wp-content\/uploads\/2017\/12\/171206_betterplace_intro_bild-300x169.jpg","type":"","width":"","height":""}],"twitter_card":"summary_large_image","twitter_misc":{"Est. reading time":"1 minute"},"schema":{"@context":"https:\/\/schema.org","@graph":[{"@type":"WebPage","@id":"https:\/\/www.minddiving.academy\/spenden-nalanda\/","url":"https:\/\/www.minddiving.academy\/spenden-nalanda\/","name":"Spenden Nalanda - mindDIVING - Akademie f\u00fcr Gl\u00fcckserfahrung durch Geistesschulung","isPartOf":{"@id":"https:\/\/www.minddiving.academy\/#website"},"datePublished":"2017-12-07T12:38:16+00:00","dateModified":"2017-12-07T13:10:05+00:00","breadcrumb":{"@id":"https:\/\/www.minddiving.academy\/spenden-nalanda\/#breadcrumb"},"inLanguage":"en-US","potentialAction":[{"@type":"ReadAction","target":["https:\/\/www.minddiving.academy\/spenden-nalanda\/"]}]},{"@type":"BreadcrumbList","@id":"https:\/\/www.minddiving.academy\/spenden-nalanda\/#breadcrumb","itemListElement":[{"@type":"ListItem","position":1,"name":"Startseite","item":"https:\/\/www.minddiving.academy\/"},{"@type":"ListItem","position":2,"name":"Spenden Nalanda"}]},{"@type":"WebSite","@id":"https:\/\/www.minddiving.academy\/#website","url":"https:\/\/www.minddiving.academy\/","name":"mindDIVING - Akademie f\u00fcr Gl\u00fcckserfahrung durch Geistesschulung","description":"&quot;explore your mind and live happy!&quot;","potentialAction":[{"@type":"SearchAction","target":{"@type":"EntryPoint","urlTemplate":"https:\/\/www.minddiving.academy\/?s={search_term_string}"},"query-input":{"@type":"PropertyValueSpecification","valueRequired":true,"valueName":"search_term_string"}}],"inLanguage":"en-US"}]}},"_links":{"self":[{"href":"https:\/\/www.minddiving.academy\/en\/wp-json\/wp\/v2\/pages\/312","targetHints":{"allow":["GET"]}}],"collection":[{"href":"https:\/\/www.minddiving.academy\/en\/wp-json\/wp\/v2\/pages"}],"about":[{"href":"https:\/\/www.minddiving.academy\/en\/wp-json\/wp\/v2\/types\/page"}],"author":[{"embeddable":true,"href":"https:\/\/www.minddiving.academy\/en\/wp-json\/wp\/v2\/users\/3"}],"replies":[{"embeddable":true,"href":"https:\/\/www.minddiving.academy\/en\/wp-json\/wp\/v2\/comments?post=312"}],"version-history":[{"count":5,"href":"https:\/\/www.minddiving.academy\/en\/wp-json\/wp\/v2\/pages\/312\/revisions"}],"predecessor-version":[{"id":321,"href":"https:\/\/www.minddiving.academy\/en\/wp-json\/wp\/v2\/pages\/312\/revisions\/321"}],"wp:attachment":[{"href":"https:\/\/www.minddiving.academy\/en\/wp-json\/wp\/v2\/media?parent=312"}],"curies":[{"name":"wp","href":"https:\/\/api.w.org\/{rel}","templated":true}]}}