{"id":1358,"date":"2026-03-18T22:56:33","date_gmt":"2026-03-18T21:56:33","guid":{"rendered":"https:\/\/www.minddiving.academy\/registrierungsformular-basis-kurs-meditation-2\/"},"modified":"2026-04-06T19:33:02","modified_gmt":"2026-04-06T17:33:02","slug":"registrierungsformular-surf-better","status":"publish","type":"page","link":"https:\/\/www.minddiving.academy\/en\/registrierungsformular-surf-better\/","title":{"rendered":"Surf Better registration form"},"content":{"rendered":"<p><span style=\"width: 100%;\"><img decoding=\"async\" alt=\"\" title=\"MD_logo_final_01\" data-id=\"18\" src=\"\/\/www.minddiving.academy\/wp-content\/uploads\/2017\/09\/MD_logo_final_01-300x56.png\" style=\"\" width=\"300\" height=\"56\" loading=\"lazy\"><\/span><\/p>\n<h1 style=\"\">Surf Better by Wanting It Less<\/h1>\n<h1 style=\"\"><span style=\"\">&#8211; Buddhis<\/span><span style=\"\">tisches Mindset f\u00fcr das Wasser &#8211;<\/span><\/h1>\n<h1 style=\"color: rgb(102, 102, 102) !important; --tcb-applied-color: rgb(102, 102, 102) !important;\">Du hast das Brett. Du hast die Wellen. Aber irgendetwas steht dir im Weg \u2013 dein eigener Kopf.Je mehr du dich anstrengst, desto schlechter l\u00e4uft es. Kommt dir das bekannt vor?<span style=\"font-size: 18px !important;\">Buddhistische Meister und Spitzensportler wissen das seit Jahrhunderten: Flow l\u00e4sst sich nicht erzwingen. Er entsteht, wenn du aufh\u00f6rst, ihn zu jagen.Diese 90-min\u00fctige Session gibt dir die Werkzeuge daf\u00fcr!<\/span><\/h1>\n<h1 style=\"color: rgb(195, 119, 119) !important; --tcb-applied-color: rgb(195, 119, 119) !important;\"><span style=\"--tcb-applied-color: rgb(195, 119, 119) !important;\">In this session you'll learn:<\/span><\/h1>\n<ul>\n<li>\n<h1 style=\"color: rgb(102, 102, 102) !important; --tcb-applied-color: rgb(102, 102, 102) !important;\">Why wanting it too much is the real problem \u2013 and what to do instead<\/h1>\n<\/li>\n<li>\n<h1 style=\"color: rgb(102, 102, 102) !important; --tcb-applied-color: rgb(102, 102, 102) !important;\">Beginner&#8217;s Mind: die geheime Waffe gro\u00dfartiger Surfer<\/h1>\n<\/li>\n<li>\n<h1 style=\"color: rgb(102, 102, 102) !important; --tcb-applied-color: rgb(102, 102, 102) !important;\">Eine gef\u00fchrte \u201eWave Mind&#8220; Meditation f\u00fcr jeden Morgen vor dem Paddeln<\/h1>\n<\/li>\n<li>\n<h1 style=\"color: rgb(102, 102, 102) !important; --tcb-applied-color: rgb(102, 102, 102) !important;\">One simple 5-minute beach ritual to do tomorrow<\/h1>\n<\/li>\n<\/ul>\n<h1 style=\"color: rgb(195, 119, 119) !important; --tcb-applied-color: rgb(195, 119, 119) !important;\"><strong><span style=\"--tcb-applied-color: rgb(195, 119, 119) !important;\">This is for you if:<\/span><\/strong><\/h1>\n<ul>\n<li>\n<h1 style=\"color: rgb(102, 102, 102) !important; --tcb-applied-color: rgb(102, 102, 102) !important;\">You surf at any level and feel your mind gets in the way<\/h1>\n<\/li>\n<li>\n<h1 style=\"color: rgb(102, 102, 102) !important; --tcb-applied-color: rgb(102, 102, 102) !important;\">You want to experience what it feels like to truly let go<\/h1>\n<\/li>\n<li>\n<h1 style=\"color: rgb(102, 102, 102) !important; --tcb-applied-color: rgb(102, 102, 102) !important;\">You're curious about Buddhist philosophy without the spiritual baggage<\/h1>\n<\/li>\n<\/ul>\n<h1 style=\"color: rgb(195, 119, 119) !important; --tcb-applied-color: rgb(195, 119, 119) !important;\"><strong><span style=\"--tcb-applied-color: rgb(195, 119, 119) !important;\">At a glance:<\/span><\/strong><\/h1>\n<h1 style=\"color: rgb(102, 102, 102) !important; --tcb-applied-color: rgb(102, 102, 102) !important;\"><img decoding=\"async\" role=\"img\" alt=\"\ud83d\udccd\" src=\"https:\/\/s.w.org\/images\/core\/emoji\/17.0.2\/svg\/1f4cd.svg\" loading=\"lazy\">&nbsp;<a href=\"https:\/\/maps.app.goo.gl\/RMT1EpdEtLMBnWKz8\" target=\"_blank\" style=\"outline: none;\">Hostal Zeneidas Surf Garden, Al Deck<\/a>Santa Teresa, Costa Rica<img decoding=\"async\" role=\"img\" alt=\"\ud83d\uddd3\" src=\"https:\/\/s.w.org\/images\/core\/emoji\/17.0.2\/svg\/1f5d3.svg\" loading=\"lazy\">&nbsp;Thursday, 09. of April 2026 - 6.30 pm - 8.00 pm<img decoding=\"async\" role=\"img\" alt=\"\u23f1\" src=\"https:\/\/s.w.org\/images\/core\/emoji\/17.0.2\/svg\/23f1.svg\" loading=\"lazy\"> 90 minutes<img decoding=\"async\" role=\"img\" alt=\"\ud83d\udcb5\" src=\"https:\/\/s.w.org\/images\/core\/emoji\/17.0.2\/svg\/1f4b5.svg\" loading=\"lazy\">&nbsp;Pay at the reception<img decoding=\"async\" role=\"img\" alt=\"\ud83d\udc65\" src=\"https:\/\/s.w.org\/images\/core\/emoji\/17.0.2\/svg\/1f465.svg\" loading=\"lazy\"> Maximum 15 participants<\/h1>\n<p style=\"color: rgb(195, 119, 119) !important; --tcb-applied-color: rgb(195, 119, 119) !important;\"><strong>First come &#8211; first serve!<\/strong><\/p>\n<p tve-u-19cc5eb11b4\"\"=\"\"><span><strong><span style=\"font-size: 22px !important;\">Reserve your spot now \u2013 free of charge, payment at reception.<\/span><\/strong><span style=\"font-size: 18px !important;\">(No credit card needed. Just your name and email.)<\/span><\/span><\/p>\n<p><span><img decoding=\"async\" alt=\"\" data-id=\"1363\" width=\"1920\" height=\"1190\" title=\"analogicus-surfer-3729052_1920 - Kopie\" src=\"https:\/\/www.minddiving.academy\/wp-content\/uploads\/2026\/03\/analogicus-surfer-3729052_1920-Kopie-1024x635.jpg\" data-src=\"https:\/\/www.minddiving.academy\/wp-content\/uploads\/2026\/03\/analogicus-surfer-3729052_1920-Kopie-300x186.jpg\" data-sizes=\"{&quot;thumbnail&quot;:{&quot;height&quot;:93,&quot;width&quot;:150,&quot;url&quot;:&quot;https:\/\/www.minddiving.academy\/wp-content\/uploads\/2026\/03\/analogicus-surfer-3729052_1920-Kopie-150x93.jpg&quot;,&quot;orientation&quot;:&quot;landscape&quot;},&quot;medium&quot;:{&quot;height&quot;:186,&quot;width&quot;:300,&quot;url&quot;:&quot;https:\/\/www.minddiving.academy\/wp-content\/uploads\/2026\/03\/analogicus-surfer-3729052_1920-Kopie-300x186.jpg&quot;,&quot;orientation&quot;:&quot;landscape&quot;},&quot;large&quot;:{&quot;height&quot;:635,&quot;width&quot;:1024,&quot;url&quot;:&quot;https:\/\/www.minddiving.academy\/wp-content\/uploads\/2026\/03\/analogicus-surfer-3729052_1920-Kopie-1024x635.jpg&quot;,&quot;orientation&quot;:&quot;landscape&quot;},&quot;trp-custom-language-flag&quot;:{&quot;height&quot;:12,&quot;width&quot;:18,&quot;url&quot;:&quot;https:\/\/www.minddiving.academy\/wp-content\/uploads\/2026\/03\/analogicus-surfer-3729052_1920-Kopie-18x12.jpg&quot;,&quot;orientation&quot;:&quot;landscape&quot;},&quot;full&quot;:{&quot;url&quot;:&quot;https:\/\/www.minddiving.academy\/wp-content\/uploads\/2026\/03\/analogicus-surfer-3729052_1920-Kopie.jpg&quot;,&quot;height&quot;:1190,&quot;width&quot;:1920,&quot;orientation&quot;:&quot;landscape&quot;}}\" style=\"\" loading=\"lazy\"><\/span><span><img decoding=\"async\" alt=\"\" data-id=\"1370\" width=\"1280\" height=\"857\" title=\"ataner007-woman-1967892_1280\" src=\"https:\/\/www.minddiving.academy\/wp-content\/uploads\/2026\/03\/ataner007-woman-1967892_1280-1024x686.jpg\" data-src=\"https:\/\/www.minddiving.academy\/wp-content\/uploads\/2026\/03\/ataner007-woman-1967892_1280-300x201.jpg\" data-sizes=\"{&quot;thumbnail&quot;:{&quot;height&quot;:100,&quot;width&quot;:150,&quot;url&quot;:&quot;https:\/\/www.minddiving.academy\/wp-content\/uploads\/2026\/03\/ataner007-woman-1967892_1280-150x100.jpg&quot;,&quot;orientation&quot;:&quot;landscape&quot;},&quot;medium&quot;:{&quot;height&quot;:201,&quot;width&quot;:300,&quot;url&quot;:&quot;https:\/\/www.minddiving.academy\/wp-content\/uploads\/2026\/03\/ataner007-woman-1967892_1280-300x201.jpg&quot;,&quot;orientation&quot;:&quot;landscape&quot;},&quot;large&quot;:{&quot;height&quot;:686,&quot;width&quot;:1024,&quot;url&quot;:&quot;https:\/\/www.minddiving.academy\/wp-content\/uploads\/2026\/03\/ataner007-woman-1967892_1280-1024x686.jpg&quot;,&quot;orientation&quot;:&quot;landscape&quot;},&quot;trp-custom-language-flag&quot;:{&quot;height&quot;:12,&quot;width&quot;:18,&quot;url&quot;:&quot;https:\/\/www.minddiving.academy\/wp-content\/uploads\/2026\/03\/ataner007-woman-1967892_1280-18x12.jpg&quot;,&quot;orientation&quot;:&quot;landscape&quot;},&quot;full&quot;:{&quot;url&quot;:&quot;https:\/\/www.minddiving.academy\/wp-content\/uploads\/2026\/03\/ataner007-woman-1967892_1280.jpg&quot;,&quot;height&quot;:857,&quot;width&quot;:1280,&quot;orientation&quot;:&quot;landscape&quot;}}\" style=\"\" loading=\"lazy\"><\/span><span><img decoding=\"async\" alt=\"\" data-id=\"1364\" width=\"1920\" height=\"1280\" title=\"kanenori-surfing-5505385_1920 - Kopie\" src=\"https:\/\/www.minddiving.academy\/wp-content\/uploads\/2026\/03\/kanenori-surfing-5505385_1920-Kopie-1024x683.jpg\" data-src=\"https:\/\/www.minddiving.academy\/wp-content\/uploads\/2026\/03\/kanenori-surfing-5505385_1920-Kopie-300x200.jpg\" data-sizes=\"{&quot;thumbnail&quot;:{&quot;height&quot;:100,&quot;width&quot;:150,&quot;url&quot;:&quot;https:\/\/www.minddiving.academy\/wp-content\/uploads\/2026\/03\/kanenori-surfing-5505385_1920-Kopie-150x100.jpg&quot;,&quot;orientation&quot;:&quot;landscape&quot;},&quot;medium&quot;:{&quot;height&quot;:200,&quot;width&quot;:300,&quot;url&quot;:&quot;https:\/\/www.minddiving.academy\/wp-content\/uploads\/2026\/03\/kanenori-surfing-5505385_1920-Kopie-300x200.jpg&quot;,&quot;orientation&quot;:&quot;landscape&quot;},&quot;large&quot;:{&quot;height&quot;:683,&quot;width&quot;:1024,&quot;url&quot;:&quot;https:\/\/www.minddiving.academy\/wp-content\/uploads\/2026\/03\/kanenori-surfing-5505385_1920-Kopie-1024x683.jpg&quot;,&quot;orientation&quot;:&quot;landscape&quot;},&quot;trp-custom-language-flag&quot;:{&quot;height&quot;:12,&quot;width&quot;:18,&quot;url&quot;:&quot;https:\/\/www.minddiving.academy\/wp-content\/uploads\/2026\/03\/kanenori-surfing-5505385_1920-Kopie-18x12.jpg&quot;,&quot;orientation&quot;:&quot;landscape&quot;},&quot;full&quot;:{&quot;url&quot;:&quot;https:\/\/www.minddiving.academy\/wp-content\/uploads\/2026\/03\/kanenori-surfing-5505385_1920-Kopie.jpg&quot;,&quot;height&quot;:1280,&quot;width&quot;:1920,&quot;orientation&quot;:&quot;landscape&quot;}}\" style=\"\" loading=\"lazy\"><\/span><\/p>\n<p style=\"\"><strong>Your host: <\/strong>Mark K. BoseDiplom-Ingenieur (RWTH Aachen), 4-j\u00e4hriges Buddhismus-Studium am Tibetischen Zentrum Hamburg, Teilnehmer am Mind &amp; Life Institut Europa. Tsunami-\u00dcberlebender 2004 \u2013 das war sein pers\u00f6nlicher Wendepunkt. Seit 2017 verbindet er buddhistisches Wissen mit moderner Neurowissenschaft.<\/p>\n<p><span style=\"\"><img decoding=\"async\" alt=\"\" data-id=\"1306\" width=\"337\" data-init-width=\"2560\" height=\"190\" data-init-height=\"1440\" title=\"KJKJ\u00a4\" src=\"https:\/\/www.minddiving.academy\/wp-content\/uploads\/2026\/03\/20140103_130545-scaled.jpg\" data-width=\"337\" data-height=\"190\" style=\"aspect-ratio: auto 2560 \/ 1440;\" mt-d=\"0\" ml-d=\"-3.5500000000000114\" loading=\"lazy\"><\/span><\/p>\n<p>                                        Name                                                        <span id='input_10_1_3_container' class='name_first gform-grid-col gform-grid-col--size-auto' >                                                    Vorname                                                                                                    <\/span>                                                        <span id='input_10_1_6_container' class='name_last gform-grid-col gform-grid-col--size-auto' >                                                            Nachname                                                                                                                    <\/span>                                                    E-mail address<span><span>(erforderlich)<\/span><\/span>                                                    <span>Dieses Feld wird bei der Anzeige des Formulars ausgeblendet<\/span>nationality<span>Dieses Feld wird bei der Anzeige des Formulars ausgeblendet<\/span>Wohnort Costa RicaSan Jos\u00e9Region AtenasRegion Perez-Domenical-UvitaRegion Santa Elenaandere Region<span>Dieses Feld wird bei der Anzeige des Formulars ausgeblendet<\/span>Sonstige WohnregionWie hast Du von der Veranstaltung erfahren?FacebookFlyerFreundanderesAnderes                                                                                                                                                                                                                              <\/p>","protected":false},"excerpt":{"rendered":"<p>Besser surfen, indem du weniger willst &#8211; Buddhistisches Mindset f\u00fcr das Wasser &#8211; Du hast das Brett. Du hast die Wellen. Aber irgendetwas steht dir im Weg \u2013 dein eigener Kopf.Je mehr du dich anstrengst, desto schlechter l\u00e4uft es. Kommt dir das bekannt vor?Buddhistische Meister und Spitzensportler wissen das seit Jahrhunderten: Flow l\u00e4sst sich nicht [&hellip;]<\/p>\n","protected":false},"author":3,"featured_media":0,"parent":0,"menu_order":13,"comment_status":"closed","ping_status":"open","template":"","meta":{"_exactmetrics_skip_tracking":false,"_exactmetrics_sitenote_active":false,"_exactmetrics_sitenote_note":"","_exactmetrics_sitenote_category":0,"footnotes":""},"class_list":["post-1358","page","type-page","status-publish","hentry"],"yoast_head":"<!-- This site is optimized with the Yoast SEO plugin v27.3 - https:\/\/yoast.com\/product\/yoast-seo-wordpress\/ -->\n<title>Registrierungsformular Surf Better - mindDIVING - Akademie f\u00fcr Gl\u00fcckserfahrung durch Geistesschulung<\/title>\n<meta name=\"robots\" content=\"index, follow, max-snippet:-1, max-image-preview:large, max-video-preview:-1\" \/>\n<link rel=\"canonical\" href=\"https:\/\/www.minddiving.academy\/en\/registrierungsformular-surf-better\/\" \/>\n<meta property=\"og:locale\" content=\"en_US\" \/>\n<meta property=\"og:type\" content=\"article\" \/>\n<meta property=\"og:title\" content=\"Registrierungsformular Surf Better - mindDIVING - Akademie f\u00fcr Gl\u00fcckserfahrung durch Geistesschulung\" \/>\n<meta property=\"og:description\" content=\"Besser surfen, indem du weniger willst &#8211; Buddhistisches Mindset f\u00fcr das Wasser &#8211; Du hast das Brett. Du hast die Wellen. Aber irgendetwas steht dir im Weg \u2013 dein eigener Kopf.Je mehr du dich anstrengst, desto schlechter l\u00e4uft es. Kommt dir das bekannt vor?Buddhistische Meister und Spitzensportler wissen das seit Jahrhunderten: Flow l\u00e4sst sich nicht [&hellip;]\" \/>\n<meta property=\"og:url\" content=\"https:\/\/www.minddiving.academy\/en\/registrierungsformular-surf-better\/\" \/>\n<meta property=\"og:site_name\" content=\"mindDIVING - Akademie f\u00fcr Gl\u00fcckserfahrung durch Geistesschulung\" \/>\n<meta property=\"article:modified_time\" content=\"2026-04-06T17:33:02+00:00\" \/>\n<meta property=\"og:image\" content=\"https:\/\/s.w.org\/images\/core\/emoji\/17.0.2\/svg\/1f4cd.svg\" \/>\n<meta name=\"twitter:card\" content=\"summary_large_image\" \/>\n<meta name=\"twitter:label1\" content=\"Est. reading time\" \/>\n\t<meta name=\"twitter:data1\" content=\"3 minutes\" \/>\n<script type=\"application\/ld+json\" class=\"yoast-schema-graph\">{\"@context\":\"https:\\\/\\\/schema.org\",\"@graph\":[{\"@type\":\"WebPage\",\"@id\":\"https:\\\/\\\/www.minddiving.academy\\\/registrierungsformular-surf-better\\\/\",\"url\":\"https:\\\/\\\/www.minddiving.academy\\\/registrierungsformular-surf-better\\\/\",\"name\":\"Registrierungsformular Surf Better - mindDIVING - Akademie f\u00fcr Gl\u00fcckserfahrung durch Geistesschulung\",\"isPartOf\":{\"@id\":\"https:\\\/\\\/www.minddiving.academy\\\/#website\"},\"primaryImageOfPage\":{\"@id\":\"https:\\\/\\\/www.minddiving.academy\\\/registrierungsformular-surf-better\\\/#primaryimage\"},\"image\":{\"@id\":\"https:\\\/\\\/www.minddiving.academy\\\/registrierungsformular-surf-better\\\/#primaryimage\"},\"thumbnailUrl\":\"https:\\\/\\\/s.w.org\\\/images\\\/core\\\/emoji\\\/17.0.2\\\/svg\\\/1f4cd.svg\",\"datePublished\":\"2026-03-18T21:56:33+00:00\",\"dateModified\":\"2026-04-06T17:33:02+00:00\",\"breadcrumb\":{\"@id\":\"https:\\\/\\\/www.minddiving.academy\\\/registrierungsformular-surf-better\\\/#breadcrumb\"},\"inLanguage\":\"en-US\",\"potentialAction\":[{\"@type\":\"ReadAction\",\"target\":[\"https:\\\/\\\/www.minddiving.academy\\\/registrierungsformular-surf-better\\\/\"]}]},{\"@type\":\"ImageObject\",\"inLanguage\":\"en-US\",\"@id\":\"https:\\\/\\\/www.minddiving.academy\\\/registrierungsformular-surf-better\\\/#primaryimage\",\"url\":\"https:\\\/\\\/s.w.org\\\/images\\\/core\\\/emoji\\\/17.0.2\\\/svg\\\/1f4cd.svg\",\"contentUrl\":\"https:\\\/\\\/s.w.org\\\/images\\\/core\\\/emoji\\\/17.0.2\\\/svg\\\/1f4cd.svg\"},{\"@type\":\"BreadcrumbList\",\"@id\":\"https:\\\/\\\/www.minddiving.academy\\\/registrierungsformular-surf-better\\\/#breadcrumb\",\"itemListElement\":[{\"@type\":\"ListItem\",\"position\":1,\"name\":\"Startseite\",\"item\":\"https:\\\/\\\/www.minddiving.academy\\\/\"},{\"@type\":\"ListItem\",\"position\":2,\"name\":\"Registrierungsformular Surf Better\"}]},{\"@type\":\"WebSite\",\"@id\":\"https:\\\/\\\/www.minddiving.academy\\\/#website\",\"url\":\"https:\\\/\\\/www.minddiving.academy\\\/\",\"name\":\"mindDIVING - Akademie f\u00fcr Gl\u00fcckserfahrung durch Geistesschulung\",\"description\":\"&quot;explore your mind and live happy!&quot;\",\"potentialAction\":[{\"@type\":\"SearchAction\",\"target\":{\"@type\":\"EntryPoint\",\"urlTemplate\":\"https:\\\/\\\/www.minddiving.academy\\\/?s={search_term_string}\"},\"query-input\":{\"@type\":\"PropertyValueSpecification\",\"valueRequired\":true,\"valueName\":\"search_term_string\"}}],\"inLanguage\":\"en-US\"}]}<\/script>\n<!-- \/ Yoast SEO plugin. -->","yoast_head_json":{"title":"Registrierungsformular Surf Better - mindDIVING - Akademie f\u00fcr Gl\u00fcckserfahrung durch Geistesschulung","robots":{"index":"index","follow":"follow","max-snippet":"max-snippet:-1","max-image-preview":"max-image-preview:large","max-video-preview":"max-video-preview:-1"},"canonical":"https:\/\/www.minddiving.academy\/en\/registrierungsformular-surf-better\/","og_locale":"en_US","og_type":"article","og_title":"Registrierungsformular Surf Better - mindDIVING - Akademie f\u00fcr Gl\u00fcckserfahrung durch Geistesschulung","og_description":"Besser surfen, indem du weniger willst &#8211; Buddhistisches Mindset f\u00fcr das Wasser &#8211; Du hast das Brett. Du hast die Wellen. Aber irgendetwas steht dir im Weg \u2013 dein eigener Kopf.Je mehr du dich anstrengst, desto schlechter l\u00e4uft es. Kommt dir das bekannt vor?Buddhistische Meister und Spitzensportler wissen das seit Jahrhunderten: Flow l\u00e4sst sich nicht [&hellip;]","og_url":"https:\/\/www.minddiving.academy\/en\/registrierungsformular-surf-better\/","og_site_name":"mindDIVING - Akademie f\u00fcr Gl\u00fcckserfahrung durch Geistesschulung","article_modified_time":"2026-04-06T17:33:02+00:00","og_image":[{"url":"https:\/\/s.w.org\/images\/core\/emoji\/17.0.2\/svg\/1f4cd.svg","type":"","width":"","height":""}],"twitter_card":"summary_large_image","twitter_misc":{"Est. reading time":"3 minutes"},"schema":{"@context":"https:\/\/schema.org","@graph":[{"@type":"WebPage","@id":"https:\/\/www.minddiving.academy\/registrierungsformular-surf-better\/","url":"https:\/\/www.minddiving.academy\/registrierungsformular-surf-better\/","name":"Registrierungsformular Surf Better - mindDIVING - Akademie f\u00fcr Gl\u00fcckserfahrung durch Geistesschulung","isPartOf":{"@id":"https:\/\/www.minddiving.academy\/#website"},"primaryImageOfPage":{"@id":"https:\/\/www.minddiving.academy\/registrierungsformular-surf-better\/#primaryimage"},"image":{"@id":"https:\/\/www.minddiving.academy\/registrierungsformular-surf-better\/#primaryimage"},"thumbnailUrl":"https:\/\/s.w.org\/images\/core\/emoji\/17.0.2\/svg\/1f4cd.svg","datePublished":"2026-03-18T21:56:33+00:00","dateModified":"2026-04-06T17:33:02+00:00","breadcrumb":{"@id":"https:\/\/www.minddiving.academy\/registrierungsformular-surf-better\/#breadcrumb"},"inLanguage":"en-US","potentialAction":[{"@type":"ReadAction","target":["https:\/\/www.minddiving.academy\/registrierungsformular-surf-better\/"]}]},{"@type":"ImageObject","inLanguage":"en-US","@id":"https:\/\/www.minddiving.academy\/registrierungsformular-surf-better\/#primaryimage","url":"https:\/\/s.w.org\/images\/core\/emoji\/17.0.2\/svg\/1f4cd.svg","contentUrl":"https:\/\/s.w.org\/images\/core\/emoji\/17.0.2\/svg\/1f4cd.svg"},{"@type":"BreadcrumbList","@id":"https:\/\/www.minddiving.academy\/registrierungsformular-surf-better\/#breadcrumb","itemListElement":[{"@type":"ListItem","position":1,"name":"Startseite","item":"https:\/\/www.minddiving.academy\/"},{"@type":"ListItem","position":2,"name":"Registrierungsformular Surf Better"}]},{"@type":"WebSite","@id":"https:\/\/www.minddiving.academy\/#website","url":"https:\/\/www.minddiving.academy\/","name":"mindDIVING - Akademie f\u00fcr Gl\u00fcckserfahrung durch Geistesschulung","description":"&quot;explore your mind and live happy!&quot;","potentialAction":[{"@type":"SearchAction","target":{"@type":"EntryPoint","urlTemplate":"https:\/\/www.minddiving.academy\/?s={search_term_string}"},"query-input":{"@type":"PropertyValueSpecification","valueRequired":true,"valueName":"search_term_string"}}],"inLanguage":"en-US"}]}},"_links":{"self":[{"href":"https:\/\/www.minddiving.academy\/en\/wp-json\/wp\/v2\/pages\/1358","targetHints":{"allow":["GET"]}}],"collection":[{"href":"https:\/\/www.minddiving.academy\/en\/wp-json\/wp\/v2\/pages"}],"about":[{"href":"https:\/\/www.minddiving.academy\/en\/wp-json\/wp\/v2\/types\/page"}],"author":[{"embeddable":true,"href":"https:\/\/www.minddiving.academy\/en\/wp-json\/wp\/v2\/users\/3"}],"replies":[{"embeddable":true,"href":"https:\/\/www.minddiving.academy\/en\/wp-json\/wp\/v2\/comments?post=1358"}],"version-history":[{"count":15,"href":"https:\/\/www.minddiving.academy\/en\/wp-json\/wp\/v2\/pages\/1358\/revisions"}],"predecessor-version":[{"id":1403,"href":"https:\/\/www.minddiving.academy\/en\/wp-json\/wp\/v2\/pages\/1358\/revisions\/1403"}],"wp:attachment":[{"href":"https:\/\/www.minddiving.academy\/en\/wp-json\/wp\/v2\/media?parent=1358"}],"curies":[{"name":"wp","href":"https:\/\/api.w.org\/{rel}","templated":true}]}}