{"id":131,"date":"2017-10-03T11:44:19","date_gmt":"2017-10-03T09:44:19","guid":{"rendered":"https:\/\/www.minddiving.academy\/homepage-2\/"},"modified":"2026-03-13T11:27:36","modified_gmt":"2026-03-13T10:27:36","slug":"home-2","status":"publish","type":"page","link":"https:\/\/www.minddiving.academy\/en\/","title":{"rendered":"Home"},"content":{"rendered":"<h1 style=\"text-align: center;\">Gaming<\/h1>\n<h1>Alles \u00fcber &#8222;<a href=\"https:\/\/www.minddiving.academy\/en\/nalanda\/\" style=\"outline: none;\">Nalanda\"<\/a>&#8220; das Computer Game f\u00fcr Achtsamkeit und Ethik.<\/h1>\n<p>Co-Develop and help with a <a href=\"https:\/\/www.minddiving.academy\/en\/spenden\/\" target=\"_blank\" style=\"outline: none;\">donation<\/a>!<\/p>\n<p><span style=\"\"><a href=\"https:\/\/www.minddiving.academy\/en\/nalanda\/\" target=\"_blank\"><img decoding=\"async\" alt=\"\" width=\"365\" height=\"206\" title=\"171206_betterplace_intro_bild\" data-id=\"280\" src=\"\/\/www.minddiving.academy\/wp-content\/uploads\/2017\/12\/171206_betterplace_intro_bild.jpg\" data-width=\"365\" data-height=\"206\" data-init-width=\"1013\" data-init-height=\"571\" style=\"aspect-ratio: auto 1013 \/ 571;\" ml-d=\"0\" mt-d=\"-1.11099999999999\" loading=\"lazy\"><\/a><\/span><\/p>\n<h1 style=\"text-align: center;\">Basis-Kurs &#8222;Meditation&#8220;<\/h1>\n<p><a href=\"https:\/\/www.minddiving.academy\/en\/registrierungsformular-basis-kurs-meditation\/\" style=\"outline: none;\">Kostenfreier Basis-Kurs zu buddhistischer Praxis<\/a> In Atenas, Costa Rica: basic knowledge, meditation and tips for everyday life.<\/p>\n<p>Now non-binding <a href=\"https:\/\/www.minddiving.academy\/en\/registrierungsformular-basis-kurs-meditation\/\" style=\"outline: none;\">Secure your place<\/a> sichern &#8211; first come, first serve!<\/p>\n<p><span><a href=\"https:\/\/www.minddiving.academy\/en\/lernen\/\" target=\"_blank\"><img decoding=\"async\" alt=\"\" width=\"365\" height=\"243\" title=\"DSC01739\" data-id=\"1211\" src=\"https:\/\/www.minddiving.academy\/wp-content\/uploads\/2026\/02\/DSC01739-scaled.jpg\" data-width=\"365\" data-height=\"243\" data-init-width=\"2560\" data-init-height=\"1707\" style=\"aspect-ratio: auto 2560 \/ 1707;\" loading=\"lazy\"><\/a><\/span><\/p>\n<h1 style=\"text-align: center;\">Knowledge<\/h1>\n<p><span><strong><span>\u00dcber Uns<\/span><\/strong><\/span><span><span>mindDIVING ist ein gemeinn\u00fctziges Projekt, das buddhistische und neurowissenschaftliche Erkenntnisse und Methoden in praktische Lernprogramme f\u00fcr Jedermann \u00fcbersetzt<\/span>. <\/span><a href=\"https:\/\/www.minddiving.academy\/en\/ueber-uns\/\" style=\"outline: none;\"><span>Mehr &#8230;<\/span><\/a><\/p>\n<h2><span>All News of mindDIVING<\/span><\/h2>\n<p>                                        <span>Dieses Feld wird bei der Anzeige des Formulars ausgeblendet<\/span>Name                                                        <span id='input_9_1_3_container' class='name_first gform-grid-col gform-grid-col--size-auto' >                                                    Vorname                                                                                                    <\/span>                                                        <span id='input_9_1_6_container' class='name_last gform-grid-col gform-grid-col--size-auto' >                                                            Nachname                                                                                                                    <\/span>                                                    E-mail address<span><span>(erforderlich)<\/span><\/span>                                                    <span>Dieses Feld wird bei der Anzeige des Formulars ausgeblendet<\/span>nationality<span>Dieses Feld wird bei der Anzeige des Formulars ausgeblendet<\/span>Wohnort Costa RicaSan Jos\u00e9Region AtenasRegion Perez-Domenical-UvitaRegion Santa Elenaandere Region<span>Dieses Feld wird bei der Anzeige des Formulars ausgeblendet<\/span>Other residential region                                                                                                                                                                                                                              <\/p>","protected":false},"excerpt":{"rendered":"<p>Gaming Alles \u00fcber &#8222;Nalanda&#8220; das Computer Game f\u00fcr Achtsamkeit und Ethik. Entwickel mit und hilf mit einer Spende! Basis-Kurs &#8222;Meditation&#8220; Kostenfreier Basis-Kurs zu buddhistischer Praxis in Atenas, Costa Rica: Grundlagenwissen, Meditation und Tipps f\u00fcr den Alltag. Jetzt unverbindlich Platz sichern sichern &#8211; first come, first serve! Wissen \u00dcber UnsmindDIVING ist ein gemeinn\u00fctziges Projekt, das buddhistische [&hellip;]<\/p>\n","protected":false},"author":3,"featured_media":71,"parent":0,"menu_order":7,"comment_status":"closed","ping_status":"open","template":"fullwidth-page.php","meta":{"_exactmetrics_skip_tracking":false,"_exactmetrics_sitenote_active":false,"_exactmetrics_sitenote_note":"","_exactmetrics_sitenote_category":0,"footnotes":""},"class_list":["post-131","page","type-page","status-publish","has-post-thumbnail","hentry"],"yoast_head":"<!-- This site is optimized with the Yoast SEO plugin v27.0 - https:\/\/yoast.com\/product\/yoast-seo-wordpress\/ -->\n<title>Home - mindDIVING - Akademie f\u00fcr Gl\u00fcckserfahrung durch Geistesschulung<\/title>\n<meta name=\"robots\" content=\"index, follow, max-snippet:-1, max-image-preview:large, max-video-preview:-1\" \/>\n<link rel=\"canonical\" href=\"https:\/\/www.minddiving.academy\/en\/\" \/>\n<meta property=\"og:locale\" content=\"en_US\" \/>\n<meta property=\"og:type\" content=\"article\" \/>\n<meta property=\"og:title\" content=\"Home - mindDIVING - Akademie f\u00fcr Gl\u00fcckserfahrung durch Geistesschulung\" \/>\n<meta property=\"og:description\" content=\"Gaming Alles \u00fcber &#8222;Nalanda&#8220; das Computer Game f\u00fcr Achtsamkeit und Ethik. Entwickel mit und hilf mit einer Spende! Basis-Kurs &#8222;Meditation&#8220; Kostenfreier Basis-Kurs zu buddhistischer Praxis in Atenas, Costa Rica: Grundlagenwissen, Meditation und Tipps f\u00fcr den Alltag. Jetzt unverbindlich Platz sichern sichern &#8211; first come, first serve! Wissen \u00dcber UnsmindDIVING ist ein gemeinn\u00fctziges Projekt, das buddhistische [&hellip;]\" \/>\n<meta property=\"og:url\" content=\"https:\/\/www.minddiving.academy\/en\/\" \/>\n<meta property=\"og:site_name\" content=\"mindDIVING - Akademie f\u00fcr Gl\u00fcckserfahrung durch Geistesschulung\" \/>\n<meta property=\"article:modified_time\" content=\"2026-03-13T10:27:36+00:00\" \/>\n<meta property=\"og:image\" content=\"https:\/\/www.minddiving.academy\/wp-content\/uploads\/2017\/09\/girl-1081721_1280.jpg\" \/>\n\t<meta property=\"og:image:width\" content=\"1280\" \/>\n\t<meta property=\"og:image:height\" content=\"853\" \/>\n\t<meta property=\"og:image:type\" content=\"image\/jpeg\" \/>\n<meta name=\"twitter:card\" content=\"summary_large_image\" \/>\n<meta name=\"twitter:label1\" content=\"Est. reading time\" \/>\n\t<meta name=\"twitter:data1\" content=\"1 minute\" \/>\n<script type=\"application\/ld+json\" class=\"yoast-schema-graph\">{\"@context\":\"https:\/\/schema.org\",\"@graph\":[{\"@type\":\"WebPage\",\"@id\":\"https:\/\/www.minddiving.academy\/\",\"url\":\"https:\/\/www.minddiving.academy\/\",\"name\":\"Home - mindDIVING - Akademie f\u00fcr Gl\u00fcckserfahrung durch Geistesschulung\",\"isPartOf\":{\"@id\":\"https:\/\/www.minddiving.academy\/#website\"},\"primaryImageOfPage\":{\"@id\":\"https:\/\/www.minddiving.academy\/#primaryimage\"},\"image\":{\"@id\":\"https:\/\/www.minddiving.academy\/#primaryimage\"},\"thumbnailUrl\":\"https:\/\/www.minddiving.academy\/wp-content\/uploads\/2017\/09\/girl-1081721_1280.jpg\",\"datePublished\":\"2017-10-03T09:44:19+00:00\",\"dateModified\":\"2026-03-13T10:27:36+00:00\",\"breadcrumb\":{\"@id\":\"https:\/\/www.minddiving.academy\/#breadcrumb\"},\"inLanguage\":\"en-US\",\"potentialAction\":[{\"@type\":\"ReadAction\",\"target\":[\"https:\/\/www.minddiving.academy\/\"]}]},{\"@type\":\"ImageObject\",\"inLanguage\":\"en-US\",\"@id\":\"https:\/\/www.minddiving.academy\/#primaryimage\",\"url\":\"https:\/\/www.minddiving.academy\/wp-content\/uploads\/2017\/09\/girl-1081721_1280.jpg\",\"contentUrl\":\"https:\/\/www.minddiving.academy\/wp-content\/uploads\/2017\/09\/girl-1081721_1280.jpg\",\"width\":1280,\"height\":853},{\"@type\":\"BreadcrumbList\",\"@id\":\"https:\/\/www.minddiving.academy\/#breadcrumb\",\"itemListElement\":[{\"@type\":\"ListItem\",\"position\":1,\"name\":\"Startseite\",\"item\":\"https:\/\/www.minddiving.academy\/\"},{\"@type\":\"ListItem\",\"position\":2,\"name\":\"Home\"}]},{\"@type\":\"WebSite\",\"@id\":\"https:\/\/www.minddiving.academy\/#website\",\"url\":\"https:\/\/www.minddiving.academy\/\",\"name\":\"mindDIVING - Akademie f\u00fcr Gl\u00fcckserfahrung durch Geistesschulung\",\"description\":\"&quot;explore your mind and live happy!&quot;\",\"potentialAction\":[{\"@type\":\"SearchAction\",\"target\":{\"@type\":\"EntryPoint\",\"urlTemplate\":\"https:\/\/www.minddiving.academy\/?s={search_term_string}\"},\"query-input\":{\"@type\":\"PropertyValueSpecification\",\"valueRequired\":true,\"valueName\":\"search_term_string\"}}],\"inLanguage\":\"en-US\"}]}<\/script>\n<!-- \/ Yoast SEO plugin. -->","yoast_head_json":{"title":"Home - mindDIVING - Akademie f\u00fcr Gl\u00fcckserfahrung durch Geistesschulung","robots":{"index":"index","follow":"follow","max-snippet":"max-snippet:-1","max-image-preview":"max-image-preview:large","max-video-preview":"max-video-preview:-1"},"canonical":"https:\/\/www.minddiving.academy\/en\/","og_locale":"en_US","og_type":"article","og_title":"Home - mindDIVING - Akademie f\u00fcr Gl\u00fcckserfahrung durch Geistesschulung","og_description":"Gaming Alles \u00fcber &#8222;Nalanda&#8220; das Computer Game f\u00fcr Achtsamkeit und Ethik. Entwickel mit und hilf mit einer Spende! Basis-Kurs &#8222;Meditation&#8220; Kostenfreier Basis-Kurs zu buddhistischer Praxis in Atenas, Costa Rica: Grundlagenwissen, Meditation und Tipps f\u00fcr den Alltag. Jetzt unverbindlich Platz sichern sichern &#8211; first come, first serve! Wissen \u00dcber UnsmindDIVING ist ein gemeinn\u00fctziges Projekt, das buddhistische [&hellip;]","og_url":"https:\/\/www.minddiving.academy\/en\/","og_site_name":"mindDIVING - Akademie f\u00fcr Gl\u00fcckserfahrung durch Geistesschulung","article_modified_time":"2026-03-13T10:27:36+00:00","og_image":[{"width":1280,"height":853,"url":"https:\/\/www.minddiving.academy\/wp-content\/uploads\/2017\/09\/girl-1081721_1280.jpg","type":"image\/jpeg"}],"twitter_card":"summary_large_image","twitter_misc":{"Est. reading time":"1 minute"},"schema":{"@context":"https:\/\/schema.org","@graph":[{"@type":"WebPage","@id":"https:\/\/www.minddiving.academy\/","url":"https:\/\/www.minddiving.academy\/","name":"Home - mindDIVING - Akademie f\u00fcr Gl\u00fcckserfahrung durch Geistesschulung","isPartOf":{"@id":"https:\/\/www.minddiving.academy\/#website"},"primaryImageOfPage":{"@id":"https:\/\/www.minddiving.academy\/#primaryimage"},"image":{"@id":"https:\/\/www.minddiving.academy\/#primaryimage"},"thumbnailUrl":"https:\/\/www.minddiving.academy\/wp-content\/uploads\/2017\/09\/girl-1081721_1280.jpg","datePublished":"2017-10-03T09:44:19+00:00","dateModified":"2026-03-13T10:27:36+00:00","breadcrumb":{"@id":"https:\/\/www.minddiving.academy\/#breadcrumb"},"inLanguage":"en-US","potentialAction":[{"@type":"ReadAction","target":["https:\/\/www.minddiving.academy\/"]}]},{"@type":"ImageObject","inLanguage":"en-US","@id":"https:\/\/www.minddiving.academy\/#primaryimage","url":"https:\/\/www.minddiving.academy\/wp-content\/uploads\/2017\/09\/girl-1081721_1280.jpg","contentUrl":"https:\/\/www.minddiving.academy\/wp-content\/uploads\/2017\/09\/girl-1081721_1280.jpg","width":1280,"height":853},{"@type":"BreadcrumbList","@id":"https:\/\/www.minddiving.academy\/#breadcrumb","itemListElement":[{"@type":"ListItem","position":1,"name":"Startseite","item":"https:\/\/www.minddiving.academy\/"},{"@type":"ListItem","position":2,"name":"Home"}]},{"@type":"WebSite","@id":"https:\/\/www.minddiving.academy\/#website","url":"https:\/\/www.minddiving.academy\/","name":"mindDIVING - Akademie f\u00fcr Gl\u00fcckserfahrung durch Geistesschulung","description":"&quot;explore your mind and live happy!&quot;","potentialAction":[{"@type":"SearchAction","target":{"@type":"EntryPoint","urlTemplate":"https:\/\/www.minddiving.academy\/?s={search_term_string}"},"query-input":{"@type":"PropertyValueSpecification","valueRequired":true,"valueName":"search_term_string"}}],"inLanguage":"en-US"}]}},"_links":{"self":[{"href":"https:\/\/www.minddiving.academy\/en\/wp-json\/wp\/v2\/pages\/131","targetHints":{"allow":["GET"]}}],"collection":[{"href":"https:\/\/www.minddiving.academy\/en\/wp-json\/wp\/v2\/pages"}],"about":[{"href":"https:\/\/www.minddiving.academy\/en\/wp-json\/wp\/v2\/types\/page"}],"author":[{"embeddable":true,"href":"https:\/\/www.minddiving.academy\/en\/wp-json\/wp\/v2\/users\/3"}],"replies":[{"embeddable":true,"href":"https:\/\/www.minddiving.academy\/en\/wp-json\/wp\/v2\/comments?post=131"}],"version-history":[{"count":176,"href":"https:\/\/www.minddiving.academy\/en\/wp-json\/wp\/v2\/pages\/131\/revisions"}],"predecessor-version":[{"id":1355,"href":"https:\/\/www.minddiving.academy\/en\/wp-json\/wp\/v2\/pages\/131\/revisions\/1355"}],"wp:featuredmedia":[{"embeddable":true,"href":"https:\/\/www.minddiving.academy\/en\/wp-json\/wp\/v2\/media\/71"}],"wp:attachment":[{"href":"https:\/\/www.minddiving.academy\/en\/wp-json\/wp\/v2\/media?parent=131"}],"curies":[{"name":"wp","href":"https:\/\/api.w.org\/{rel}","templated":true}]}}