{"id":1233,"date":"2026-03-03T20:40:42","date_gmt":"2026-03-03T19:40:42","guid":{"rendered":"https:\/\/www.minddiving.academy\/?page_id=1233"},"modified":"2026-03-05T17:29:58","modified_gmt":"2026-03-05T16:29:58","slug":"spenden","status":"publish","type":"page","link":"https:\/\/www.minddiving.academy\/en\/spenden\/","title":{"rendered":"Donate"},"content":{"rendered":"<h1>Support the mindDIVING Academy with your donation to develop learning formats for cultivating the mind in order to experience lasting happiness!<\/h1>\n<p>Unsere Projekte werden mit Liebe, Professionalit\u00e4t und hoher Wirtschaftlichkeit umgesetzt.Jede Spende flie\u00dft zu 100 % in wirkungsvolle Projekte denn unsere Verwaltungskosten werden von unserem Hauptsponsor, der <a href=\"http:\/\/www.mahakala.foundation\" target=\"_blank\" style=\"outline: none;\">Mahakala Foundation<\/a> getragen.Mit Ihrer Unterst\u00fctzung tragen zu einem globalen Bewusstseinswandel f\u00fcr eine gl\u00fccklichere Zukunft bei.Gemeinsam schaffen wir aus Ihrer Gro\u00dfz\u00fcgigkeit Freude!<\/p>\n<p style=\"\">How you can donate<\/p>\n<p>We welcome donations in the following cryptocurrencies: BTC, ETH, USDC, USDT and SOL<\/p>\n<h4>Bitcoin (on-chain)<\/h4>\n<p><span><img decoding=\"async\" alt=\"\" data-id=\"1235\" width=\"300\" data-init-width=\"300\" height=\"300\" data-init-height=\"300\" title=\"bitcoin_qr_code\" src=\"https:\/\/www.minddiving.academy\/wp-content\/uploads\/2026\/03\/bitcoin_qr_code.png\" data-width=\"300\" data-height=\"300\" style=\"aspect-ratio: auto 300 \/ 300;\" loading=\"lazy\"><\/span><\/p>\n<p style=\"\">bc1qpc6n6jr94kmfrrrgzkgasgu0m59pagzphm84cczsxafgdzaf8kmpsm3lnut<\/p>\n<h4>ERC20 (ETH, USDT, USDCT)<\/h4>\n<p><span><img decoding=\"async\" alt=\"\" data-id=\"1236\" width=\"341\" data-init-width=\"341\" height=\"345\" data-init-height=\"345\" title=\"erc20_adresse-1\" src=\"https:\/\/www.minddiving.academy\/wp-content\/uploads\/2026\/03\/erc20_adresse-1.png\" data-width=\"341\" data-height=\"345\" style=\"aspect-ratio: auto 341 \/ 345;\" loading=\"lazy\"><\/span><\/p>\n<p style=\"\">0x78597135c7505dbc29d76A000DB2a89a86D8d87f<\/p>\n<h4>Solana (SOL)<\/h4>\n<p><span><img decoding=\"async\" alt=\"\" data-id=\"1237\" width=\"300\" data-init-width=\"200\" height=\"300\" data-init-height=\"200\" title=\"solqr\" src=\"https:\/\/www.minddiving.academy\/wp-content\/uploads\/2026\/03\/solqr.png\" data-width=\"300\" data-height=\"300\" style=\"aspect-ratio: auto 200 \/ 200;\" loading=\"lazy\"><\/span><\/p>\n<p style=\"\">8YspL7HoQ2yacWLhbQyRtY4YEmZHaim9QPDHeBvE1hkA<\/p>\n<h4>Unstoppable domain for Bitcoin, ETH, USDT, USDC or SOL:<\/h4>\n<p style=\"\">minddiving.crypto<\/p>\n<\/p>\n<p><a href=\"https:\/\/www.paypal.com\/de\/cgi-bin\/webscr?cmd=_flow&amp;SESSION=P98IurHeVX0Em338deb9DMCnZ8PPSYEY8T-D8cKMANVhiCJFm1BT3IvqoTa&amp;dispatch=5885d80a13c0db1f8e263663d3faee8d795bb2096d7a7643a72ab88842aa1f54&amp;rapidsState=Donation__DonationFlow___StateDonationLogin&amp;rapidsStateSignature=35bbab955abc01762dad26e4f13916bd30d54078&amp;_fs=dff2927f-ea26-42c7-82c6-d42ea1b8b991\" target=\"_blank\"><\/a><\/p>","protected":false},"excerpt":{"rendered":"<p>Helfen Sie der mindDIVING Akademie mit Ihrer Spende Lernformate zur Kultivierung des Geistes zu entwickeln, um dauerhaftes Gl\u00fcck zu erfahren! Unsere Projekte werden mit Liebe, Professionalit\u00e4t und hoher Wirtschaftlichkeit umgesetzt.Jede Spende flie\u00dft zu 100 % in wirkungsvolle Projekte denn unsere Verwaltungskosten werden von unserem Hauptsponsor, der Mahakala Foundation getragen.Mit Ihrer Unterst\u00fctzung tragen zu einem globalen [&hellip;]<\/p>\n","protected":false},"author":3,"featured_media":0,"parent":0,"menu_order":8,"comment_status":"closed","ping_status":"open","template":"","meta":{"_exactmetrics_skip_tracking":false,"_exactmetrics_sitenote_active":false,"_exactmetrics_sitenote_note":"","_exactmetrics_sitenote_category":0,"footnotes":""},"class_list":["post-1233","page","type-page","status-publish","hentry"],"yoast_head":"<!-- This site is optimized with the Yoast SEO plugin v27.3 - https:\/\/yoast.com\/product\/yoast-seo-wordpress\/ -->\n<title>Spenden - mindDIVING - Akademie f\u00fcr Gl\u00fcckserfahrung durch Geistesschulung<\/title>\n<meta name=\"robots\" content=\"index, follow, max-snippet:-1, max-image-preview:large, max-video-preview:-1\" \/>\n<link rel=\"canonical\" href=\"https:\/\/www.minddiving.academy\/en\/spenden\/\" \/>\n<meta property=\"og:locale\" content=\"en_US\" \/>\n<meta property=\"og:type\" content=\"article\" \/>\n<meta property=\"og:title\" content=\"Spenden - mindDIVING - Akademie f\u00fcr Gl\u00fcckserfahrung durch Geistesschulung\" \/>\n<meta property=\"og:description\" content=\"Helfen Sie der mindDIVING Akademie mit Ihrer Spende Lernformate zur Kultivierung des Geistes zu entwickeln, um dauerhaftes Gl\u00fcck zu erfahren! Unsere Projekte werden mit Liebe, Professionalit\u00e4t und hoher Wirtschaftlichkeit umgesetzt.Jede Spende flie\u00dft zu 100 % in wirkungsvolle Projekte denn unsere Verwaltungskosten werden von unserem Hauptsponsor, der Mahakala Foundation getragen.Mit Ihrer Unterst\u00fctzung tragen zu einem globalen [&hellip;]\" \/>\n<meta property=\"og:url\" content=\"https:\/\/www.minddiving.academy\/en\/spenden\/\" \/>\n<meta property=\"og:site_name\" content=\"mindDIVING - Akademie f\u00fcr Gl\u00fcckserfahrung durch Geistesschulung\" \/>\n<meta property=\"article:modified_time\" content=\"2026-03-05T16:29:58+00:00\" \/>\n<meta property=\"og:image\" content=\"https:\/\/www.minddiving.academy\/wp-content\/uploads\/2026\/03\/bitcoin_qr_code.png\" \/>\n<meta name=\"twitter:card\" content=\"summary_large_image\" \/>\n<meta name=\"twitter:label1\" content=\"Est. reading time\" \/>\n\t<meta name=\"twitter:data1\" content=\"2 minutes\" \/>\n<script type=\"application\/ld+json\" class=\"yoast-schema-graph\">{\"@context\":\"https:\\\/\\\/schema.org\",\"@graph\":[{\"@type\":\"WebPage\",\"@id\":\"https:\\\/\\\/www.minddiving.academy\\\/spenden\\\/\",\"url\":\"https:\\\/\\\/www.minddiving.academy\\\/spenden\\\/\",\"name\":\"Spenden - mindDIVING - Akademie f\u00fcr Gl\u00fcckserfahrung durch Geistesschulung\",\"isPartOf\":{\"@id\":\"https:\\\/\\\/www.minddiving.academy\\\/#website\"},\"primaryImageOfPage\":{\"@id\":\"https:\\\/\\\/www.minddiving.academy\\\/spenden\\\/#primaryimage\"},\"image\":{\"@id\":\"https:\\\/\\\/www.minddiving.academy\\\/spenden\\\/#primaryimage\"},\"thumbnailUrl\":\"https:\\\/\\\/www.minddiving.academy\\\/wp-content\\\/uploads\\\/2026\\\/03\\\/bitcoin_qr_code.png\",\"datePublished\":\"2026-03-03T19:40:42+00:00\",\"dateModified\":\"2026-03-05T16:29:58+00:00\",\"breadcrumb\":{\"@id\":\"https:\\\/\\\/www.minddiving.academy\\\/spenden\\\/#breadcrumb\"},\"inLanguage\":\"en-US\",\"potentialAction\":[{\"@type\":\"ReadAction\",\"target\":[\"https:\\\/\\\/www.minddiving.academy\\\/spenden\\\/\"]}]},{\"@type\":\"ImageObject\",\"inLanguage\":\"en-US\",\"@id\":\"https:\\\/\\\/www.minddiving.academy\\\/spenden\\\/#primaryimage\",\"url\":\"https:\\\/\\\/www.minddiving.academy\\\/wp-content\\\/uploads\\\/2026\\\/03\\\/bitcoin_qr_code.png\",\"contentUrl\":\"https:\\\/\\\/www.minddiving.academy\\\/wp-content\\\/uploads\\\/2026\\\/03\\\/bitcoin_qr_code.png\"},{\"@type\":\"BreadcrumbList\",\"@id\":\"https:\\\/\\\/www.minddiving.academy\\\/spenden\\\/#breadcrumb\",\"itemListElement\":[{\"@type\":\"ListItem\",\"position\":1,\"name\":\"Startseite\",\"item\":\"https:\\\/\\\/www.minddiving.academy\\\/\"},{\"@type\":\"ListItem\",\"position\":2,\"name\":\"Spenden\"}]},{\"@type\":\"WebSite\",\"@id\":\"https:\\\/\\\/www.minddiving.academy\\\/#website\",\"url\":\"https:\\\/\\\/www.minddiving.academy\\\/\",\"name\":\"mindDIVING - Akademie f\u00fcr Gl\u00fcckserfahrung durch Geistesschulung\",\"description\":\"&quot;explore your mind and live happy!&quot;\",\"potentialAction\":[{\"@type\":\"SearchAction\",\"target\":{\"@type\":\"EntryPoint\",\"urlTemplate\":\"https:\\\/\\\/www.minddiving.academy\\\/?s={search_term_string}\"},\"query-input\":{\"@type\":\"PropertyValueSpecification\",\"valueRequired\":true,\"valueName\":\"search_term_string\"}}],\"inLanguage\":\"en-US\"}]}<\/script>\n<!-- \/ Yoast SEO plugin. -->","yoast_head_json":{"title":"Spenden - mindDIVING - Akademie f\u00fcr Gl\u00fcckserfahrung durch Geistesschulung","robots":{"index":"index","follow":"follow","max-snippet":"max-snippet:-1","max-image-preview":"max-image-preview:large","max-video-preview":"max-video-preview:-1"},"canonical":"https:\/\/www.minddiving.academy\/en\/spenden\/","og_locale":"en_US","og_type":"article","og_title":"Spenden - mindDIVING - Akademie f\u00fcr Gl\u00fcckserfahrung durch Geistesschulung","og_description":"Helfen Sie der mindDIVING Akademie mit Ihrer Spende Lernformate zur Kultivierung des Geistes zu entwickeln, um dauerhaftes Gl\u00fcck zu erfahren! Unsere Projekte werden mit Liebe, Professionalit\u00e4t und hoher Wirtschaftlichkeit umgesetzt.Jede Spende flie\u00dft zu 100 % in wirkungsvolle Projekte denn unsere Verwaltungskosten werden von unserem Hauptsponsor, der Mahakala Foundation getragen.Mit Ihrer Unterst\u00fctzung tragen zu einem globalen [&hellip;]","og_url":"https:\/\/www.minddiving.academy\/en\/spenden\/","og_site_name":"mindDIVING - Akademie f\u00fcr Gl\u00fcckserfahrung durch Geistesschulung","article_modified_time":"2026-03-05T16:29:58+00:00","og_image":[{"url":"https:\/\/www.minddiving.academy\/wp-content\/uploads\/2026\/03\/bitcoin_qr_code.png","type":"","width":"","height":""}],"twitter_card":"summary_large_image","twitter_misc":{"Est. reading time":"2 minutes"},"schema":{"@context":"https:\/\/schema.org","@graph":[{"@type":"WebPage","@id":"https:\/\/www.minddiving.academy\/spenden\/","url":"https:\/\/www.minddiving.academy\/spenden\/","name":"Spenden - mindDIVING - Akademie f\u00fcr Gl\u00fcckserfahrung durch Geistesschulung","isPartOf":{"@id":"https:\/\/www.minddiving.academy\/#website"},"primaryImageOfPage":{"@id":"https:\/\/www.minddiving.academy\/spenden\/#primaryimage"},"image":{"@id":"https:\/\/www.minddiving.academy\/spenden\/#primaryimage"},"thumbnailUrl":"https:\/\/www.minddiving.academy\/wp-content\/uploads\/2026\/03\/bitcoin_qr_code.png","datePublished":"2026-03-03T19:40:42+00:00","dateModified":"2026-03-05T16:29:58+00:00","breadcrumb":{"@id":"https:\/\/www.minddiving.academy\/spenden\/#breadcrumb"},"inLanguage":"en-US","potentialAction":[{"@type":"ReadAction","target":["https:\/\/www.minddiving.academy\/spenden\/"]}]},{"@type":"ImageObject","inLanguage":"en-US","@id":"https:\/\/www.minddiving.academy\/spenden\/#primaryimage","url":"https:\/\/www.minddiving.academy\/wp-content\/uploads\/2026\/03\/bitcoin_qr_code.png","contentUrl":"https:\/\/www.minddiving.academy\/wp-content\/uploads\/2026\/03\/bitcoin_qr_code.png"},{"@type":"BreadcrumbList","@id":"https:\/\/www.minddiving.academy\/spenden\/#breadcrumb","itemListElement":[{"@type":"ListItem","position":1,"name":"Startseite","item":"https:\/\/www.minddiving.academy\/"},{"@type":"ListItem","position":2,"name":"Spenden"}]},{"@type":"WebSite","@id":"https:\/\/www.minddiving.academy\/#website","url":"https:\/\/www.minddiving.academy\/","name":"mindDIVING - Akademie f\u00fcr Gl\u00fcckserfahrung durch Geistesschulung","description":"&quot;explore your mind and live happy!&quot;","potentialAction":[{"@type":"SearchAction","target":{"@type":"EntryPoint","urlTemplate":"https:\/\/www.minddiving.academy\/?s={search_term_string}"},"query-input":{"@type":"PropertyValueSpecification","valueRequired":true,"valueName":"search_term_string"}}],"inLanguage":"en-US"}]}},"_links":{"self":[{"href":"https:\/\/www.minddiving.academy\/en\/wp-json\/wp\/v2\/pages\/1233","targetHints":{"allow":["GET"]}}],"collection":[{"href":"https:\/\/www.minddiving.academy\/en\/wp-json\/wp\/v2\/pages"}],"about":[{"href":"https:\/\/www.minddiving.academy\/en\/wp-json\/wp\/v2\/types\/page"}],"author":[{"embeddable":true,"href":"https:\/\/www.minddiving.academy\/en\/wp-json\/wp\/v2\/users\/3"}],"replies":[{"embeddable":true,"href":"https:\/\/www.minddiving.academy\/en\/wp-json\/wp\/v2\/comments?post=1233"}],"version-history":[{"count":6,"href":"https:\/\/www.minddiving.academy\/en\/wp-json\/wp\/v2\/pages\/1233\/revisions"}],"predecessor-version":[{"id":1267,"href":"https:\/\/www.minddiving.academy\/en\/wp-json\/wp\/v2\/pages\/1233\/revisions\/1267"}],"wp:attachment":[{"href":"https:\/\/www.minddiving.academy\/en\/wp-json\/wp\/v2\/media?parent=1233"}],"curies":[{"name":"wp","href":"https:\/\/api.w.org\/{rel}","templated":true}]}}